{"id":51,"date":"2023-10-07T19:45:38","date_gmt":"2023-10-07T19:45:38","guid":{"rendered":"https:\/\/oglasi.infooglasi.rs\/oglasi\/oglasialeksandrovac\/?page_id=51"},"modified":"2024-12-15T14:37:51","modified_gmt":"2024-12-15T13:37:51","slug":"postavite-oglas-batocina","status":"publish","type":"page","link":"https:\/\/oglasi.infooglasi.rs\/oglasi\/oglasibatocina\/postavite-oglas-batocina\/","title":{"rendered":"POSTAVITE OGLAS &#8211; BATO\u010cINA"},"content":{"rendered":"\n\n<!-- User Submitted Posts @ https:\/\/m0n.co\/usp -->\n\n<div id=\"user-submitted-posts\">\n\t\t\n\t<form id=\"usp_form\" method=\"post\" enctype=\"multipart\/form-data\" action=\"\">\n\t\t<div id=\"usp-error-message\" class=\"usp-callout-failure usp-hidden\">Please complete the required fields.<\/div>\n\t\t\t\t\n\t\t<fieldset class=\"usp-name\">\n\t\t\t<label for=\"user-submitted-name\">IME<\/label>\n\t\t\t<input id=\"user-submitted-name\" name=\"user-submitted-name\" type=\"text\" value=\"\" placeholder=\"Upi\u0161ite svoje ime\" data-required=\"true\" required class=\"usp-input\">\n\t\t<\/fieldset>\n\t\t\t\t\n\t\t<fieldset class=\"usp-email\">\n\t\t\t<label for=\"user-submitted-email\">MEJL<\/label>\n\t\t\t<input id=\"user-submitted-email\" name=\"user-submitted-email\" type=\"email\" data-parsley-type=\"email\" value=\"\" placeholder=\"Upi\u0161ite va\u0161 mejl\" data-required=\"true\" required class=\"usp-input\">\n\t\t<\/fieldset>\n\t\t\t\t\n\t\t<fieldset class=\"usp-title\">\n\t\t\t<label for=\"user-submitted-title\">NASLOV OGLASA<\/label>\n\t\t\t<input id=\"user-submitted-title\" name=\"user-submitted-title\" type=\"text\" value=\"\" placeholder=\"Upi\u0161ite naslov va\u0161eg oglasa\" data-required=\"true\" required class=\"usp-input\">\n\t\t<\/fieldset>\n\t\t\t\t\t\t\n\t\t<fieldset class=\"usp-tags\">\n\t\t\t<label for=\"user-submitted-tags\">KLJU\u010cNE RE\u010cI<\/label>\n\t\t\t<input id=\"user-submitted-tags\" name=\"user-submitted-tags\" type=\"text\" value=\"\" placeholder=\"Napi\u0161ite nekoliko klju\u010dnih re\u010di odvojenih zarezima\" data-required=\"true\" required class=\"usp-input\">\n\t\t<\/fieldset>\n\t\t\t\t\t\t\n\t\t<fieldset class=\"usp-captcha\">\n\t\t\t<label for=\"user-submitted-captcha\">(antispam pitanje) 9+12=<\/label>\n\t\t\t<input id=\"user-submitted-captcha\" name=\"user-submitted-captcha\" type=\"text\" value=\"\" placeholder=\"Brojevima upi\u0161ite ta\u010dan odgovor\" data-required=\"true\" required class=\"usp-input user-submitted-captcha\" data-parsley-excluded=\"true\">\n\t\t<\/fieldset>\n\t\t\t\t\n\t\t<fieldset class=\"usp-category\">\n\t\t\t<label for=\"user-submitted-category\">KATEGORIJA OGLASA<\/label>\n\t\t\t<select id=\"user-submitted-category\" data-required=\"true\" required class=\"usp-select\" name=\"user-submitted-category[]\">\n\t\t\t\t<option value=\"\" selected=\"true\" disabled>Izaberite kategoriju za va\u0161 oglas..<\/option>\n\t\t\t\t<option value=\"33\">ALATI I OPREMA<\/option><option value=\"34\">BELA TEHNIKA<\/option><option value=\"10\">DE\u010cIJA ODE\u0106A<\/option><option value=\"28\">DVORI\u0160TE I BA\u0160TA<\/option><option value=\"31\">ELEKTRONIKA<\/option><option value=\"30\">GRA\u0110EVINA<\/option><option value=\"29\">IGRA\u010cKE<\/option><option value=\"2\">IZDAVANJE NEKRETNINA<\/option><option value=\"35\">KNJIGE<\/option><option value=\"24\">KU\u0106NI APARATI<\/option><option value=\"25\">KU\u0106NI LJUBIMCI<\/option><option value=\"26\">MAJKA I DETE<\/option><option value=\"27\">MA\u0160INE<\/option><option value=\"23\">MODNI DETALJI<\/option><option value=\"8\">MU\u0160KA ODE\u0106A<\/option><option value=\"22\">MUZI\u010cKI INSTRUMENTI<\/option><option value=\"21\">NAKIT I SATOVI<\/option><option value=\"20\">NAME\u0160TAJ<\/option><option value=\"32\">OBU\u0106A<\/option><option value=\"19\">ODMOR I TURIZAM<\/option><option value=\"37\">OSTALO<\/option><option value=\"18\">POLJOPRIVREDA<\/option><option value=\"5\">POSAO<\/option><option value=\"7\">POZNANSTVA<\/option><option value=\"3\">PRODAJA NEKRETNINA<\/option><option value=\"17\">PROSLAVE I SLAVLJA<\/option><option value=\"16\">RA\u010cUNARI I KANCELARIJA<\/option><option value=\"36\">RU\u010cNI RADOVI<\/option><option value=\"15\">SPORT I REKREACIJA<\/option><option value=\"14\">SVETLA I OSVETLJENJE<\/option><option value=\"11\">TELEFONI I OPREMA<\/option><option value=\"6\">USLUGE<\/option><option value=\"4\">VOZILA<\/option><option value=\"12\">ZA AUTOMOBILE I MOTOCIKLE<\/option><option value=\"13\">ZDRAVLJE I LEPOTA<\/option><option value=\"9\">\u017dENSKA ODE\u0106A<\/option>\t\t\t<\/select>\n\t\t<\/fieldset>\n\t\t\t\t\n\t\t<fieldset class=\"usp-content\">\n\t\t\t\t\t\t\t\n\t\t\t<label for=\"user-submitted-content\">TEKST OGLASA I KONTAKT<\/label>\n\t\t\t<textarea id=\"user-submitted-content\" name=\"user-submitted-content\" rows=\"5\" placeholder=\"Upi\u0161ite tekst va\u0161eg oglasa i ne zaboravite da upi\u0161ete kontakt kako bi zaiteresovani mogli da vam se obrate.\" data-required=\"true\" required class=\"usp-textarea\"><\/textarea>\n\t\t\t\t\t\t\n\t\t<\/fieldset>\n\t\t\t\t\t\t\n\t\t<fieldset class=\"usp-images\">\n\t\t\t<label for=\"user-submitted-image\">U\u010cITAJTE SLIKE - MIN. 1. a MAX. 5 SLIKA<\/label>\n\t\t\t<div id=\"usp-upload-message\"><\/div>\n\t\t\t<div id=\"user-submitted-image\">\n\t\t\t\t\t\t\t\t\t\t\t\t\t\n\t\t\t\t<input name=\"user-submitted-image[]\" type=\"file\" size=\"25\" data-required=\"true\" required class=\"usp-input usp-clone\" accept=\"image\/*\">\n\t\t\t\t\t\t\t\t<a href=\"#\" id=\"usp_add-another\" class=\"usp-no-js\">Dodajte jo\u0161 jednu sliku<\/a>\t\t\t\t\t\t\t\n\t\t\t<\/div>\n\t\t\t<input type=\"hidden\" class=\"usp-hidden\" id=\"usp-min-images\" name=\"usp-min-images\" value=\"1\">\n\t\t\t<input type=\"hidden\" class=\"usp-hidden\" id=\"usp-max-images\" name=\"usp-max-images\" value=\"5\">\n\t\t<\/fieldset>\n\t\t\t\t\t\t\n\t\t<fieldset id=\"usp_verify\" style=\"display:none;\">\n\t\t\t<label for=\"user-submitted-verify\">Human verification: leave this field empty.<\/label>\n\t\t\t<input id=\"user-submitted-verify\" name=\"user-submitted-verify\" type=\"text\" value=\"\" data-parsley-excluded=\"true\">\n\t\t<\/fieldset>\n\t\t\n\t\t\t\t\n\t\t<div id=\"usp-submit\">\n\t\t\t\t\t\t\t\t\t\t\t\t\t\t\t\t\t\t\n\t\t\t<input type=\"submit\" class=\"usp-submit\" id=\"user-submitted-post\" name=\"user-submitted-post\" value=\"OBJAVITE OGLAS\">\n\t\t\t<input type=\"hidden\" id=\"usp-nonce\" name=\"usp-nonce\" value=\"b99e78f994\" \/>\t\t\t\n\t\t<\/div>\n\t\t\n\t<\/form>\n<\/div>\n<script>(function(){var e = document.getElementById('usp_verify'); if(e) e.parentNode.removeChild(e);})();<\/script>\n\n\n\n\n\n\n\n\n\n\n\n\n\n\n\n\n\n<!DOCTYPE html>\n<html lang=\"sr\">\n<head>\n    <meta charset=\"UTF-8\">\n    <meta name=\"viewport\" content=\"width=device-width, initial-scale=1.0\">\n    <meta name=\"description\" content=\"Postavite oglas \u2013 Bato\u010dina i brzo pove\u0107ajte vidljivost va\u0161ih proizvoda i usluga na internetu! Oglasi postavljeni na na\u0161oj platformi bi\u0107e vidni na vi\u0161e sajtova.\">\n    <meta name=\"keywords\" content=\"Postavite oglas, Bato\u010dina, besplatni oglasi, SEO optimizacija, Bato\u010dina oglasi, lokalno ogla\u0161avanje\">\n    <title>Postavite oglas \u2013 Bato\u010dina<\/title>\n    <style>\n        body {\n            font-family: Arial, sans-serif;\n            margin: 20px;\n            line-height: 1.6;\n            color: #333;\n        }\n        .button {\n            background-color: lightgray;\n            color: black;\n            padding: 15px 30px;\n            text-align: center;\n            text-decoration: none;\n            display: inline-block;\n            font-size: 16px;\n            margin: 10px 5px;\n            cursor: pointer;\n            border-radius: 4px;\n            text-transform: uppercase;\n            font-weight: bold;\n        }\n        .highlight {\n            background-color: yellow;\n            font-weight: bold;\n        }\n        .bold-text {\n            font-weight: bold;\n        }\n        .container {\n            max-width: 800px;\n            margin: auto;\n        }\n        .black-button {\n            background-color: black;\n            color: white;\n        }\n    <\/style>\n<\/head>\n<body>\n    <div class=\"container\">\n        <p class=\"bold-text\">\n            Dobrodo\u0161li na stranicu <strong>\u201cPostavite oglas \u2013 Bato\u010dina\u201d<\/strong>, gde mo\u017eete besplatno postaviti oglas za svoje proizvode, usluge ili poslovne prilike! Na\u0161a platforma je dizajnirana da va\u0161i oglasi budu dobro optimizovani za pretragu i brzo postavljeni na vi\u0161e sajtova, blogova i oglasnih tabli, \u010dime \u0107ete pove\u0107ati vidljivost svog oglasa i \u0161anse za uspeh.\n        <\/p>\n        <p class=\"bold-text\">\n            Oglasi postavljeni na ovom sajtu bi\u0107e odmah prikazani, dok \u0107e postavljeni oglasi na drugim sajtovima biti vidni u vremenskom periodu od 5 minuta do 2 \u010dasa. Va\u0161 oglas bi\u0107e prikazan na slede\u0107im web mestima:\n        <\/p>\n        <p class=\"bold-text\">\n            <a href=\"https:\/\/oglasi.infooglasi.rs\/oglasi\/oglasibatocina\/\" class=\"button black-button\" target=\"_blank\" rel=\"noopener\">OGLASI BATO\u010cINA<\/a>\n        <\/p>\n        <p class=\"bold-text\">\n            Ovaj oglas \u0107e biti odmah vidljiv na sajtu <strong>https:\/\/oglasi.infooglasi.rs\/oglasi\/oglasibatocina\/<\/strong>. Postavljeni oglas bi\u0107e prikazan i na slede\u0107im sajtovima:\n        <\/p>\n        <div>\n            <a href=\"https:\/\/oglasi.mozellosite.com\/oglasi\/batocina\" class=\"button\" target=\"_blank\" rel=\"noopener\">OGLASI-OGLASI BATO\u010cINA<\/a>\n            <a href=\"http:\/\/oglasi.42web.io\/oglasi-batocina\/\" class=\"button\" target=\"_blank\" rel=\"noopener\">OGLASI PO GRADOVIMA BATO\u010cINA<\/a>\n            <a href=\"https:\/\/zutioglasi.blogspot.com\/p\/oglasi-batocina.html\" class=\"button\" target=\"_blank\" rel=\"noopener\">\u017dUTI OGLASI BATO\u010cINA<\/a>\n            <a href=\"https:\/\/sites.google.com\/view\/objave\/bato\u010dina-oglasi\" class=\"button\" target=\"_blank\" rel=\"noopener\">OGLA\u0160AVANJE BATO\u010cINA<\/a>\n            <a href=\"https:\/\/objave.weebly.com\/oglasibatocina.html\" class=\"button\" target=\"_blank\" rel=\"noopener\">OBJAVE I OGLASI BATO\u010cINA<\/a>\n        <\/div>\n        <p class=\"bold-text\">\n            <strong>Za\u0161to postaviti oglas na \u201cPostavite oglas \u2013 Bato\u010dina\u201d?<\/strong>\n            <ul>\n                <li>Brzo postavljanje oglasa uz jednostavan obrazac.<\/li>\n                <li>SEO optimizacija koja osigurava bolju vidljivost va\u0161eg oglasa na internetu.<\/li>\n                <li>Prikazivanje va\u0161eg oglasa na vi\u0161e oglasnih platformi, \u010dime pove\u0107avate \u0161anse da ga vide potencijalni kupci.<\/li>\n                <li>Brza povezanost sa korisnicima u Bato\u010dini i okolini.<\/li>\n            <\/ul>\n        <\/p>\n        <p class=\"bold-text\">\n            Na\u0161a platforma omogu\u0107ava brzo postavljanje oglasa, a va\u0161i oglasi \u0107e biti prikazani na vi\u0161e relevantnih sajtova, \u010dime pove\u0107avate vidljivost i dolazite do \u0161ire publike. \n        <\/p>\n        <p class=\"bold-text\">\n            <strong>Postavite oglas \u2013 Bato\u010dina<\/strong> je idealno mesto za besplatno ogla\u0161avanje, jer \u0107e va\u0161i oglasi biti odmah prikazani na vi\u0161e web mesta, \u010dime \u0107ete pove\u0107ati vidljivost i do\u0107i do \u0161ire publike.\n        <\/p>\n        <p class=\"bold-text\">\n            Iznad ove prezentacije nalazi se obrazac za postavljanje oglasa. Svi zainteresovani mogu besplatno postaviti svoje oglase za samo nekoliko minuta. Iskoristite ovu priliku da popularizujete proizvode koje nudite ili da ponudite svoje usluge \u0161iroj publici.\n        <\/p>\n        <p class=\"bold-text\">\n            Hvala \u0161to koristite <strong>\u201cPostavite oglas \u2013 Bato\u010dina\u201d<\/strong>. Verujemo da \u0107e va\u0161i oglasi brzo prona\u0107i svoju ciljnu grupu i pomo\u0107i vam u ostvarivanju poslovnih ciljeva.\n        <\/p>\n    <\/div>\n<\/body>\n<\/html>\n\n","protected":false},"excerpt":{"rendered":"<p>Postavite oglas \u2013 Bato\u010dina Dobrodo\u0161li na stranicu \u201cPostavite oglas \u2013 Bato\u010dina\u201d, gde mo\u017eete besplatno postaviti oglas za svoje proizvode, usluge&hellip;<\/p>\n","protected":false},"author":1,"featured_media":0,"parent":0,"menu_order":0,"comment_status":"closed","ping_status":"closed","template":"","meta":{"footnotes":""},"class_list":["post-51","page","type-page","status-publish","hentry"],"_links":{"self":[{"href":"https:\/\/oglasi.infooglasi.rs\/oglasi\/oglasibatocina\/wp-json\/wp\/v2\/pages\/51","targetHints":{"allow":["GET"]}}],"collection":[{"href":"https:\/\/oglasi.infooglasi.rs\/oglasi\/oglasibatocina\/wp-json\/wp\/v2\/pages"}],"about":[{"href":"https:\/\/oglasi.infooglasi.rs\/oglasi\/oglasibatocina\/wp-json\/wp\/v2\/types\/page"}],"author":[{"embeddable":true,"href":"https:\/\/oglasi.infooglasi.rs\/oglasi\/oglasibatocina\/wp-json\/wp\/v2\/users\/1"}],"replies":[{"embeddable":true,"href":"https:\/\/oglasi.infooglasi.rs\/oglasi\/oglasibatocina\/wp-json\/wp\/v2\/comments?post=51"}],"version-history":[{"count":14,"href":"https:\/\/oglasi.infooglasi.rs\/oglasi\/oglasibatocina\/wp-json\/wp\/v2\/pages\/51\/revisions"}],"predecessor-version":[{"id":639,"href":"https:\/\/oglasi.infooglasi.rs\/oglasi\/oglasibatocina\/wp-json\/wp\/v2\/pages\/51\/revisions\/639"}],"wp:attachment":[{"href":"https:\/\/oglasi.infooglasi.rs\/oglasi\/oglasibatocina\/wp-json\/wp\/v2\/media?parent=51"}],"curies":[{"name":"wp","href":"https:\/\/api.w.org\/{rel}","templated":true}]}}