{"id":51,"date":"2023-10-07T19:45:38","date_gmt":"2023-10-07T19:45:38","guid":{"rendered":"https:\/\/oglasi.infooglasi.rs\/oglasi\/oglasialeksandrovac\/?page_id=51"},"modified":"2024-12-15T21:10:00","modified_gmt":"2024-12-15T20:10:00","slug":"postavite-oglas-kanjiza","status":"publish","type":"page","link":"https:\/\/oglasi.infooglasi.rs\/oglasi\/oglasikanjiza\/postavite-oglas-kanjiza\/","title":{"rendered":"POSTAVITE OGLAS &#8211; KANJI\u017dA"},"content":{"rendered":"\n\n<!-- User Submitted Posts @ https:\/\/m0n.co\/usp -->\n\n<div id=\"user-submitted-posts\">\n\t\t\n\t<form id=\"usp_form\" method=\"post\" enctype=\"multipart\/form-data\" action=\"\">\n\t\t<div id=\"usp-error-message\" class=\"usp-callout-failure usp-hidden\">Please complete the required fields.<\/div>\n\t\t\t\t\n\t\t<fieldset class=\"usp-name\">\n\t\t\t<label for=\"user-submitted-name\">IME<\/label>\n\t\t\t<input id=\"user-submitted-name\" name=\"user-submitted-name\" type=\"text\" value=\"\" placeholder=\"Upi\u0161ite svoje ime\" data-required=\"true\" required class=\"usp-input\">\n\t\t<\/fieldset>\n\t\t\t\t\n\t\t<fieldset class=\"usp-email\">\n\t\t\t<label for=\"user-submitted-email\">MEJL<\/label>\n\t\t\t<input id=\"user-submitted-email\" name=\"user-submitted-email\" type=\"email\" data-parsley-type=\"email\" value=\"\" placeholder=\"Upi\u0161ite va\u0161 mejl\" data-required=\"true\" required class=\"usp-input\">\n\t\t<\/fieldset>\n\t\t\t\t\n\t\t<fieldset class=\"usp-title\">\n\t\t\t<label for=\"user-submitted-title\">NASLOV OGLASA<\/label>\n\t\t\t<input id=\"user-submitted-title\" name=\"user-submitted-title\" type=\"text\" value=\"\" placeholder=\"Upi\u0161ite naslov va\u0161eg oglasa\" data-required=\"true\" required class=\"usp-input\">\n\t\t<\/fieldset>\n\t\t\t\t\t\t\n\t\t<fieldset class=\"usp-tags\">\n\t\t\t<label for=\"user-submitted-tags\">KLJU\u010cNE RE\u010cI<\/label>\n\t\t\t<input id=\"user-submitted-tags\" name=\"user-submitted-tags\" type=\"text\" value=\"\" placeholder=\"Napi\u0161ite nekoliko klju\u010dnih re\u010di odvojenih zarezima\" data-required=\"true\" required class=\"usp-input\">\n\t\t<\/fieldset>\n\t\t\t\t\t\t\n\t\t<fieldset class=\"usp-captcha\">\n\t\t\t<label for=\"user-submitted-captcha\">(antispam pitanje) 9+12=<\/label>\n\t\t\t<input id=\"user-submitted-captcha\" name=\"user-submitted-captcha\" type=\"text\" value=\"\" placeholder=\"Brojevima upi\u0161ite ta\u010dan odgovor\" data-required=\"true\" required class=\"usp-input user-submitted-captcha\" data-parsley-excluded=\"true\">\n\t\t<\/fieldset>\n\t\t\t\t\n\t\t<fieldset class=\"usp-category\">\n\t\t\t<label for=\"user-submitted-category\">KATEGORIJA OGLASA<\/label>\n\t\t\t<select id=\"user-submitted-category\" data-required=\"true\" required class=\"usp-select\" name=\"user-submitted-category[]\">\n\t\t\t\t<option value=\"\" selected=\"true\" disabled>Izaberite kategoriju za va\u0161 oglas..<\/option>\n\t\t\t\t<option value=\"33\">ALATI I OPREMA<\/option><option value=\"34\">BELA TEHNIKA<\/option><option value=\"10\">DE\u010cIJA ODE\u0106A<\/option><option value=\"28\">DVORI\u0160TE I BA\u0160TA<\/option><option value=\"31\">ELEKTRONIKA<\/option><option value=\"30\">GRA\u0110EVINA<\/option><option value=\"29\">IGRA\u010cKE<\/option><option value=\"2\">IZDAVANJE NEKRETNINA<\/option><option value=\"35\">KNJIGE<\/option><option value=\"24\">KU\u0106NI APARATI<\/option><option value=\"25\">KU\u0106NI LJUBIMCI<\/option><option value=\"26\">MAJKA I DETE<\/option><option value=\"27\">MA\u0160INE<\/option><option value=\"23\">MODNI DETALJI<\/option><option value=\"8\">MU\u0160KA ODE\u0106A<\/option><option value=\"22\">MUZI\u010cKI INSTRUMENTI<\/option><option value=\"21\">NAKIT I SATOVI<\/option><option value=\"20\">NAME\u0160TAJ<\/option><option value=\"32\">OBU\u0106A<\/option><option value=\"19\">ODMOR I TURIZAM<\/option><option value=\"37\">OSTALO<\/option><option value=\"18\">POLJOPRIVREDA<\/option><option value=\"5\">POSAO<\/option><option value=\"7\">POZNANSTVA<\/option><option value=\"3\">PRODAJA NEKRETNINA<\/option><option value=\"17\">PROSLAVE I SLAVLJA<\/option><option value=\"16\">RA\u010cUNARI I KANCELARIJA<\/option><option value=\"36\">RU\u010cNI RADOVI<\/option><option value=\"15\">SPORT I REKREACIJA<\/option><option value=\"14\">SVETLA I OSVETLJENJE<\/option><option value=\"11\">TELEFONI I OPREMA<\/option><option value=\"6\">USLUGE<\/option><option value=\"4\">VOZILA<\/option><option value=\"12\">ZA AUTOMOBILE I MOTOCIKLE<\/option><option value=\"13\">ZDRAVLJE I LEPOTA<\/option><option value=\"9\">\u017dENSKA ODE\u0106A<\/option>\t\t\t<\/select>\n\t\t<\/fieldset>\n\t\t\t\t\n\t\t<fieldset class=\"usp-content\">\n\t\t\t\t\t\t\t\n\t\t\t<label for=\"user-submitted-content\">TEKST OGLASA I KONTAKT<\/label>\n\t\t\t<textarea id=\"user-submitted-content\" name=\"user-submitted-content\" rows=\"5\" placeholder=\"Upi\u0161ite tekst va\u0161eg oglasa i ne zaboravite da upi\u0161ete kontakt kako bi zaiteresovani mogli da vam se obrate.\" data-required=\"true\" required class=\"usp-textarea\"><\/textarea>\n\t\t\t\t\t\t\n\t\t<\/fieldset>\n\t\t\t\t\t\t\n\t\t<fieldset class=\"usp-images\">\n\t\t\t<label for=\"user-submitted-image\">U\u010cITAJTE SLIKE - MIN. 1. a MAX. 5 SLIKA<\/label>\n\t\t\t<div id=\"usp-upload-message\"><\/div>\n\t\t\t<div id=\"user-submitted-image\">\n\t\t\t\t\t\t\t\t\t\t\t\t\t\n\t\t\t\t<input name=\"user-submitted-image[]\" type=\"file\" size=\"25\" data-required=\"true\" required class=\"usp-input usp-clone\" accept=\"image\/*\">\n\t\t\t\t\t\t\t\t<a href=\"#\" id=\"usp_add-another\" class=\"usp-no-js\">Dodajte jo\u0161 jednu sliku<\/a>\t\t\t\t\t\t\t\n\t\t\t<\/div>\n\t\t\t<input type=\"hidden\" class=\"usp-hidden\" id=\"usp-min-images\" name=\"usp-min-images\" value=\"1\">\n\t\t\t<input type=\"hidden\" class=\"usp-hidden\" id=\"usp-max-images\" name=\"usp-max-images\" value=\"5\">\n\t\t<\/fieldset>\n\t\t\t\t\t\t\n\t\t<fieldset id=\"usp_verify\" style=\"display:none;\">\n\t\t\t<label for=\"user-submitted-verify\">Human verification: leave this field empty.<\/label>\n\t\t\t<input id=\"user-submitted-verify\" name=\"user-submitted-verify\" type=\"text\" value=\"\" data-parsley-excluded=\"true\">\n\t\t<\/fieldset>\n\t\t\n\t\t\t\t\n\t\t<div id=\"usp-submit\">\n\t\t\t\t\t\t\t\t\t\t\t\t\t\t\t\t\t\t\n\t\t\t<input type=\"submit\" class=\"usp-submit\" id=\"user-submitted-post\" name=\"user-submitted-post\" value=\"OBJAVITE OGLAS\">\n\t\t\t<input type=\"hidden\" id=\"usp-nonce\" name=\"usp-nonce\" value=\"f9d8e0809f\" \/>\t\t\t\n\t\t<\/div>\n\t\t\n\t<\/form>\n<\/div>\n<script>(function(){var e = document.getElementById('usp_verify'); if(e) e.parentNode.removeChild(e);})();<\/script>\n\n\n\n\n\n\n\n\n\n\n\n\n\n\n\n\n\n<div style=\"font-weight: bold; font-size: 20px; color: #333; margin-bottom: 20px;\">\n    <p>Pre svega, iznad ovog teksta nalazi se obrazac preko kojeg svi zainteresovani pojedinci, kao i firme, mogu da postave svoj oglas. Oglasi mogu uklju\u010divati tekstualni deo, kao i fotografije, kako bi potencijalnim kupcima ili korisnicima odmah bilo jasno \u0161ta to prodaju ili koje usluge nude.<\/p>\n    <p><strong>Oglasi su potpuno besplatni i omogu\u0107avaju ogla\u0161iva\u010dima da reklamiraju proizvode, usluge, ili bilo \u0161ta drugo. Ovo je savr\u0161en na\u010din da se popularizujete, pro\u0161irite svoje poslovanje ili jednostavno ponudite svoje usluge!<\/strong><\/p>\n    <p><strong>Za\u0161to da postavite oglas na na\u0161im stranicama?<\/strong><\/p>\n    <ul>\n        <li><strong>Besplatan marketing:<\/strong> Oglasi se postavljaju potpuno besplatno i bez ikakvih naknada.<\/li>\n        <li><strong>Brza vidljivost:<\/strong> Va\u0161 oglas \u0107e odmah biti vidljiv na sajtu, kao i na povezanim platformama.<\/li>\n        <li><strong>Velika poseta:<\/strong> Stranica ima visok nivo poseta i oglas \u0107e biti vi\u0111en od strane mnogih korisnika.<\/li>\n        <li><strong>SEO optimizacija:<\/strong> Oglasi se optimizuju za pretra\u017eiva\u010de, \u0161to zna\u010di da \u0107e biti lak\u0161e prona\u0111eni na internetu.<\/li>\n        <li><strong>Prilika za promociju:<\/strong> Mo\u017eete postaviti oglas sa fotografijama, \u0161to omogu\u0107ava bolju prezentaciju va\u0161ih proizvoda ili usluga.<\/li>\n        <li><strong>\u0160iroka mre\u017ea:<\/strong> Oglasi \u0107e biti prikazani na vi\u0161e sajtova, blogova i oglasnih tabli, \u010dime \u0107ete pove\u0107ati svoju vidljivost.<\/li>\n    <\/ul>\n    <p>Ovaj oglas se odnosi na <strong>KANJI\u017dU<\/strong> i omogu\u0107ava da svi zainteresovani postave oglas u vezi sa <strong>KANJI\u017dOM<\/strong> ili bilo \u010dim \u0161to se ti\u010de ovog mesta.<\/p>\n    <p>Na stranici <strong>POSTAVITE OGLAS \u2013 KANJI\u017dA<\/strong> (koja je deo ovog sajta), ogla\u0161iva\u010di mogu postaviti oglas besplatno i odmah. Sam obrazac za postavljanje oglasa nalazi se iznad ovog teksta.<\/p>\n<\/div>\n\n<p style=\"font-size: 18px; font-weight: bold; color: #333; margin-top: 20px;\">Oglasi koje postavite \u0107e biti vidni na slede\u0107im sajtovima, blogovima i oglasnim tablama:<\/p>\n\n<div style=\"margin-top: 10px;\">\n    <a href=\"https:\/\/oglasi.infooglasi.rs\/oglasi\/oglasikanjiza\/\" target=\"_blank\" style=\"display: inline-block; background-color: #000; color: #fff; padding: 10px 20px; text-align: center; margin-bottom: 10px; font-size: 16px; font-weight: bold; text-decoration: none; width: 100%; text-transform: uppercase;\" rel=\"noopener\">OGLASI OGLASI KANJI\u017dA<\/a>\n    <p style=\"font-size: 16px; text-align: center; color: #777;\">Va\u0161 oglas \u0107e odmah biti prikazan na ovom sajtu!<\/p>\n<\/div>\n\n<div style=\"margin-top: 20px;\">\n    <p style=\"font-size: 18px; font-weight: bold; color: #333;\">Osim toga, oglas \u0107e biti vidljiv i na slede\u0107im sajtovima:<\/p>\n    <div style=\"display: flex; flex-direction: column; align-items: center; gap: 10px;\">\n        <a href=\"https:\/\/oglasi.mozellosite.com\/oglasi\/kanjiza\" target=\"_blank\" style=\"background-color: #dcdcdc; color: #333; padding: 10px 20px; font-size: 16px; text-decoration: none; text-align: center; font-weight: bold; width: 100%; text-transform: uppercase; transition: 0.3s;\" rel=\"noopener\">OGLASI-OGLASI KANJI\u017dA<\/a>\n        <a href=\"http:\/\/oglasi.42web.io\/oglasi-kanjiza\/\" target=\"_blank\" style=\"background-color: #dcdcdc; color: #333; padding: 10px 20px; font-size: 16px; text-decoration: none; text-align: center; font-weight: bold; width: 100%; text-transform: uppercase; transition: 0.3s;\" rel=\"noopener\">OGLASI PO GRADOVIMA KANJI\u017dA<\/a>\n        <a href=\"https:\/\/zutioglasi.blogspot.com\/p\/oglasi-kanjiza.html\" target=\"_blank\" style=\"background-color: #dcdcdc; color: #333; padding: 10px 20px; font-size: 16px; text-decoration: none; text-align: center; font-weight: bold; width: 100%; text-transform: uppercase; transition: 0.3s;\" rel=\"noopener\">\u017dUTI OGLASI KANJI\u017dA<\/a>\n        <a href=\"https:\/\/sites.google.com\/view\/objave\/kanji\u017ea-oglasi\" target=\"_blank\" style=\"background-color: #dcdcdc; color: #333; padding: 10px 20px; font-size: 16px; text-decoration: none; text-align: center; font-weight: bold; width: 100%; text-transform: uppercase; transition: 0.3s;\" rel=\"noopener\">OGLA\u0160AVANJE KANJI\u017dA<\/a>\n        <a href=\"https:\/\/objave.weebly.com\/oglasikanjiza.html\" target=\"_blank\" style=\"background-color: #dcdcdc; color: #333; padding: 10px 20px; font-size: 16px; text-decoration: none; text-align: center; font-weight: bold; width: 100%; text-transform: uppercase; transition: 0.3s;\" rel=\"noopener\">OBJAVE I OGLASI KANJI\u017dA<\/a>\n    <\/div>\n<\/div>\n\n<p style=\"font-size: 16px; margin-top: 20px; font-weight: bold; color: #333;\">\n    Napomena: Oglasi \u0107e biti vidni u vremenskom rasponu od 5 minuta do 2 \u010dasa nakon postavljanja. Iznad ovog teksta nalazi se obrazac za postavljanje oglasa, koji omogu\u0107ava svim zainteresovanim da besplatno i za samo nekoliko minuta postave svoje oglase. <strong>Postavite svoj oglas odmah i iskoristite besplatan prostor za promociju va\u0161ih proizvoda ili usluga!<\/strong>\n<\/p>\n\n","protected":false},"excerpt":{"rendered":"<p>Pre svega, iznad ovog teksta nalazi se obrazac preko kojeg svi zainteresovani pojedinci, kao i firme, mogu da postave svoj&hellip;<\/p>\n","protected":false},"author":1,"featured_media":0,"parent":0,"menu_order":0,"comment_status":"closed","ping_status":"closed","template":"","meta":{"footnotes":""},"class_list":["post-51","page","type-page","status-publish","hentry"],"_links":{"self":[{"href":"https:\/\/oglasi.infooglasi.rs\/oglasi\/oglasikanjiza\/wp-json\/wp\/v2\/pages\/51","targetHints":{"allow":["GET"]}}],"collection":[{"href":"https:\/\/oglasi.infooglasi.rs\/oglasi\/oglasikanjiza\/wp-json\/wp\/v2\/pages"}],"about":[{"href":"https:\/\/oglasi.infooglasi.rs\/oglasi\/oglasikanjiza\/wp-json\/wp\/v2\/types\/page"}],"author":[{"embeddable":true,"href":"https:\/\/oglasi.infooglasi.rs\/oglasi\/oglasikanjiza\/wp-json\/wp\/v2\/users\/1"}],"replies":[{"embeddable":true,"href":"https:\/\/oglasi.infooglasi.rs\/oglasi\/oglasikanjiza\/wp-json\/wp\/v2\/comments?post=51"}],"version-history":[{"count":61,"href":"https:\/\/oglasi.infooglasi.rs\/oglasi\/oglasikanjiza\/wp-json\/wp\/v2\/pages\/51\/revisions"}],"predecessor-version":[{"id":2532,"href":"https:\/\/oglasi.infooglasi.rs\/oglasi\/oglasikanjiza\/wp-json\/wp\/v2\/pages\/51\/revisions\/2532"}],"wp:attachment":[{"href":"https:\/\/oglasi.infooglasi.rs\/oglasi\/oglasikanjiza\/wp-json\/wp\/v2\/media?parent=51"}],"curies":[{"name":"wp","href":"https:\/\/api.w.org\/{rel}","templated":true}]}}