{"id":2801,"date":"2024-09-08T18:33:06","date_gmt":"2024-09-08T16:33:06","guid":{"rendered":"https:\/\/oglasi.infooglasi.rs\/oglasi\/oglasikovacica\/?page_id=2801"},"modified":"2024-09-08T18:33:12","modified_gmt":"2024-09-08T16:33:12","slug":"oglasavanje-u-kovacici","status":"publish","type":"page","link":"https:\/\/oglasi.infooglasi.rs\/oglasi\/oglasikovacica\/oglasavanje-u-kovacici\/","title":{"rendered":"Ogla\u0161avanje u KOVA\u010cICI"},"content":{"rendered":"\n<h1 class=\"wp-block-heading\"><strong>Ogla\u0161avanje u Kova\u010dici &#8211; Va\u0161a Najbolja Opcija za Postavljanje Oglasa<\/strong><\/h1>\n\n\n\n<p><strong>Ogla\u0161avanje u Kova\u010dici<\/strong> nikada nije bilo lak\u0161e i pristupa\u010dnije! Na\u0161a platforma, dostupna na <a href=\"https:\/\/oglasi.infooglasi.rs\/oglasi\/oglasikovacica\/\">https:\/\/oglasi.infooglasi.rs\/oglasi\/oglasikovacica\/<\/a>, omogu\u0107ava svim korisnicima iz Kova\u010dice da besplatno postave svoje oglase i do\u0111u do \u0161iroke publike. Sa <strong>Ogla\u0161avanjem u Kova\u010dici<\/strong>, va\u0161i oglasi \u0107e biti odmah vidljivi na na\u0161oj naslovnoj stranici, a mo\u017eete dodati i fotografije kako biste dodatno istakli svoju ponudu.<\/p>\n\n\n\n<h2 class=\"wp-block-heading\"><strong>Za\u0161to Odabrati Ogla\u0161avanje u Kova\u010dici?<\/strong><\/h2>\n\n\n\n<p><strong>Ogla\u0161avanje u Kova\u010dici<\/strong> pru\u017ea brojne prednosti za sve koji \u017eele da promoviraju svoje proizvode i usluge. Bez obzira na to da li se bavite prodajom, iznajmljivanjem ili pru\u017eanjem usluga, na na\u0161em sajtu mo\u017eete brzo i lako postaviti oglas koji \u0107e biti dostupan potencijalnim kupcima i korisnicima. Sve to <strong>besplatno<\/strong> i bez skrivenih tro\u0161kova!<\/p>\n\n\n\n<h3 class=\"wp-block-heading\"><strong>Raznovrsne Kategorije za Ogla\u0161avanje<\/strong><\/h3>\n\n\n\n<p>Na na\u0161em sajtu, <strong>Ogla\u0161avanje u Kova\u010dici<\/strong> obuhvata razli\u010dite kategorije, \u0161to zna\u010di da mo\u017eete prona\u0107i savr\u0161eno mesto za va\u0161 oglas. Pogledajte neke od na\u0161ih popularnih kategorija:<\/p>\n\n\n\n<h4 class=\"wp-block-heading\"><strong>1. Moda i Modni Detalji<\/strong><\/h4>\n\n\n\n<p>Ako imate proizvode ili usluge vezane za modu, na\u0161a <a href=\"https:\/\/oglasi.infooglasi.rs\/oglasi\/oglasikovacica\/category\/modni-detalji\/\">kategorija modnih detalja<\/a> je idealno mesto za vas. Oglasi za ode\u0107u, obu\u0107u, modne dodatke i jo\u0161 mnogo toga \u010dekaju da budu postavljeni i pregledani.<\/p>\n\n\n\n<h4 class=\"wp-block-heading\"><strong>2. Svetla i Osvetljenje<\/strong><\/h4>\n\n\n\n<p>\u017delite da prodate ili iznajmite svetla i osvetljenje? Posetite <a href=\"https:\/\/oglasi.infooglasi.rs\/oglasi\/oglasikovacica\/category\/svetla-i-osvetljenje\/\">kategoriju svetla i osvetljenja<\/a> na sajtu <strong>Ogla\u0161avanje u Kova\u010dici<\/strong> i postavite svoj oglas. Ovdje mo\u017eete prona\u0107i sve od lampi do sofisticiranih osvetljenja za svaki prostor.<\/p>\n\n\n\n<h4 class=\"wp-block-heading\"><strong>3. Bela Tehnika<\/strong><\/h4>\n\n\n\n<p>Za sve vrste ku\u0107nih aparata i bela tehnika, na\u0161a <a href=\"https:\/\/oglasi.infooglasi.rs\/oglasi\/oglasikovacica\/category\/bela-tehnika\/\">kategorija bele tehnike<\/a> je pravo mesto za vas. Postavite oglas za prodaju aparata kao \u0161to su fri\u017eideri, ve\u0161 ma\u0161ine, mikrotalasne i jo\u0161 mnogo toga.<\/p>\n\n\n\n<h4 class=\"wp-block-heading\"><strong>4. Sport i Rekreacija<\/strong><\/h4>\n\n\n\n<p>Ukoliko nudite sportske proizvode ili opremu za rekreaciju, <a href=\"https:\/\/oglasi.infooglasi.rs\/oglasi\/oglasikovacica\/category\/sport-i-rekreacija\/\">kategorija sporta i rekreacije<\/a> je idealno mesto za va\u0161 oglas. Ovdje mo\u017eete promovisati bicikle, teniske rekete, sportske ode\u0107e i druge proizvode za aktivan \u017eivot.<\/p>\n\n\n\n<h4 class=\"wp-block-heading\"><strong>5. Poznanstva<\/strong><\/h4>\n\n\n\n<p>Za sve koji tra\u017ee poznanstva i veze, <a href=\"https:\/\/oglasi.infooglasi.rs\/oglasi\/oglasikovacica\/category\/poznanstva\/\">kategorija poznanstava<\/a> pru\u017ea mogu\u0107nost da postavite oglas za ljubavne i prijateljske kontakte u Kova\u010dici. Ovdje mo\u017eete prona\u0107i ili ponuditi razli\u010dite vrste poznanstava i odnosa.<\/p>\n\n\n\n<h4 class=\"wp-block-heading\"><strong>6. Muzi\u010dki Instrumenti<\/strong><\/h4>\n\n\n\n<p>Ako prodajete muzi\u010dke instrumente ili opremu, <a href=\"https:\/\/oglasi.infooglasi.rs\/oglasi\/oglasikovacica\/category\/muzicki-instrumenti\/\">kategorija muzi\u010dkih instrumenata<\/a> je pravo mesto za vas. Postavite oglas za gitare, klavire, bubnjeve i druge instrumente.<\/p>\n\n\n\n<h3 class=\"wp-block-heading\"><strong>Besplatno Ogla\u0161avanje &#8211; Brzo i Jednostavno<\/strong><\/h3>\n\n\n\n<p>Postavljanje oglasa na sajtu <strong>Ogla\u0161avanje u Kova\u010dici<\/strong> je potpuno besplatno. Oglasi \u0107e biti odmah vidljivi na na\u0161oj naslovnoj stranici, a vi mo\u017eete dodati fotografije za dodatnu vidljivost. Nema skrivenih tro\u0161kova, a proces je brz i jednostavan. Prijavite se sada i postavite svoj oglas na <a href=\"https:\/\/oglasi.infooglasi.rs\/oglasi\/oglasikovacica\/\">https:\/\/oglasi.infooglasi.rs\/oglasi\/oglasikovacica\/<\/a>!<\/p>\n\n\n\n<h3 class=\"wp-block-heading\"><strong>Kategorije za Sve Va\u0161e Potrebe<\/strong><\/h3>\n\n\n\n<p>Na sajtu <strong>Ogla\u0161avanje u Kova\u010dici<\/strong>, osim ve\u0107 navedenih, mo\u017eete prona\u0107i i brojne druge kategorije:<\/p>\n\n\n\n<h4 class=\"wp-block-heading\"><strong>Proslave i Slavlja<\/strong><\/h4>\n\n\n\n<p>Za organizaciju proslava, iznajmljivanje hala, restorana ili \u0161atora, posetite <a href=\"https:\/\/oglasi.infooglasi.rs\/oglasi\/oglasikovacica\/category\/proslave-i-slavlja\/\">kategoriju proslava i slavlja<\/a>. Ovdje mo\u017eete oglasiti sve \u0161to je potrebno za savr\u0161eno slavlje.<\/p>\n\n\n\n<h4 class=\"wp-block-heading\"><strong>Usluge<\/strong><\/h4>\n\n\n\n<p>U <a href=\"https:\/\/oglasi.infooglasi.rs\/oglasi\/oglasikovacica\/category\/usluge\/\">kategoriji usluga<\/a> mo\u017eete ponuditi sve vrste usluga kao \u0161to su pomo\u0107 u ku\u0107i, servisne usluge, gra\u0111evinske usluge i jo\u0161 mnogo toga. Oglasite svoje usluge i prona\u0111ite nove klijente u Kova\u010dici.<\/p>\n\n\n\n<h4 class=\"wp-block-heading\"><strong>Ku\u0107ni Aparati<\/strong><\/h4>\n\n\n\n<p>Za prodaju ku\u0107nih aparata kao \u0161to su usisiva\u010di, kuhinjski aparati, i vi\u0161e, pogledajte <a href=\"https:\/\/oglasi.infooglasi.rs\/oglasi\/oglasikovacica\/category\/kucni-aparati\/\">kategoriju ku\u0107nih aparata<\/a>. Ovdje mo\u017eete prona\u0107i sve \u0161to vam je potrebno za va\u0161u kuhinju i dom.<\/p>\n\n\n\n<h4 class=\"wp-block-heading\"><strong>Gra\u0111evina<\/strong><\/h4>\n\n\n\n<p>Ako se bavite gra\u0111evinom ili prodajom gra\u0111evinskih materijala, na\u0161a <a href=\"https:\/\/oglasi.infooglasi.rs\/oglasi\/oglasikovacica\/category\/gradevina\/\">kategorija gra\u0111evine<\/a> je pravo mesto za vas. Ovdje mo\u017eete oglasiti sve \u0161to je potrebno za izgradnju i renoviranje.<\/p>\n\n\n\n<h3 class=\"wp-block-heading\"><strong>Postavite Svoj Oglas Danas!<\/strong><\/h3>\n\n\n\n<p>Ne \u010dekajte vi\u0161e! Postavite svoj oglas na <strong>Ogla\u0161avanje u Kova\u010dici<\/strong> danas i iskoristite sve prednosti koje nudimo. Posetite <a href=\"https:\/\/oglasi.infooglasi.rs\/oglasi\/oglasikovacica\/\">https:\/\/oglasi.infooglasi.rs\/oglasi\/oglasikovacica\/<\/a> i dodajte svoj besplatan oglas sada!<\/p>\n\n\n\n<p>Sajt <strong>Ogla\u0161avanje u Kova\u010dici<\/strong> je va\u0161a prva destinacija za sve vrste oglasa. Ovdje mo\u017eete prona\u0107i i ponuditi proizvode i usluge koje vas zanimaju, a sve to bez ikakvih tro\u0161kova. U\u017eivajte u jednostavnom procesu postavljanja oglasa i pove\u017eite se sa potencijalnim kupcima i korisnicima ve\u0107 danas.<\/p>\n","protected":false},"excerpt":{"rendered":"<p>Ogla\u0161avanje u Kova\u010dici &#8211; Va\u0161a Najbolja Opcija za Postavljanje Oglasa Ogla\u0161avanje u Kova\u010dici nikada nije bilo lak\u0161e i pristupa\u010dnije! Na\u0161a&hellip;<\/p>\n","protected":false},"author":1,"featured_media":0,"parent":0,"menu_order":0,"comment_status":"closed","ping_status":"closed","template":"","meta":{"footnotes":""},"class_list":["post-2801","page","type-page","status-publish","hentry"],"_links":{"self":[{"href":"https:\/\/oglasi.infooglasi.rs\/oglasi\/oglasikovacica\/wp-json\/wp\/v2\/pages\/2801","targetHints":{"allow":["GET"]}}],"collection":[{"href":"https:\/\/oglasi.infooglasi.rs\/oglasi\/oglasikovacica\/wp-json\/wp\/v2\/pages"}],"about":[{"href":"https:\/\/oglasi.infooglasi.rs\/oglasi\/oglasikovacica\/wp-json\/wp\/v2\/types\/page"}],"author":[{"embeddable":true,"href":"https:\/\/oglasi.infooglasi.rs\/oglasi\/oglasikovacica\/wp-json\/wp\/v2\/users\/1"}],"replies":[{"embeddable":true,"href":"https:\/\/oglasi.infooglasi.rs\/oglasi\/oglasikovacica\/wp-json\/wp\/v2\/comments?post=2801"}],"version-history":[{"count":1,"href":"https:\/\/oglasi.infooglasi.rs\/oglasi\/oglasikovacica\/wp-json\/wp\/v2\/pages\/2801\/revisions"}],"predecessor-version":[{"id":2802,"href":"https:\/\/oglasi.infooglasi.rs\/oglasi\/oglasikovacica\/wp-json\/wp\/v2\/pages\/2801\/revisions\/2802"}],"wp:attachment":[{"href":"https:\/\/oglasi.infooglasi.rs\/oglasi\/oglasikovacica\/wp-json\/wp\/v2\/media?parent=2801"}],"curies":[{"name":"wp","href":"https:\/\/api.w.org\/{rel}","templated":true}]}}