{"id":51,"date":"2023-10-07T19:45:38","date_gmt":"2023-10-07T19:45:38","guid":{"rendered":"https:\/\/oglasi.infooglasi.rs\/oglasi\/oglasialeksandrovac\/?page_id=51"},"modified":"2024-12-16T12:45:39","modified_gmt":"2024-12-16T11:45:39","slug":"postavite-oglas-pivara","status":"publish","type":"page","link":"https:\/\/oglasi.infooglasi.rs\/oglasi\/oglasikragujevacpivara\/postavite-oglas-pivara\/","title":{"rendered":"POSTAVITE OGLAS &#8211; PIVARA"},"content":{"rendered":"\n\n<!-- User Submitted Posts @ https:\/\/m0n.co\/usp -->\n\n<div id=\"user-submitted-posts\">\n\t\t\n\t<form id=\"usp_form\" method=\"post\" enctype=\"multipart\/form-data\" action=\"\">\n\t\t<div id=\"usp-error-message\" class=\"usp-callout-failure usp-hidden\">Please complete the required fields.<\/div>\n\t\t\t\t\n\t\t<fieldset class=\"usp-name\">\n\t\t\t<label for=\"user-submitted-name\">IME<\/label>\n\t\t\t<input id=\"user-submitted-name\" name=\"user-submitted-name\" type=\"text\" value=\"\" placeholder=\"Upi\u0161ite svoje ime\" data-required=\"true\" required class=\"usp-input\">\n\t\t<\/fieldset>\n\t\t\t\t\n\t\t<fieldset class=\"usp-email\">\n\t\t\t<label for=\"user-submitted-email\">MEJL<\/label>\n\t\t\t<input id=\"user-submitted-email\" name=\"user-submitted-email\" type=\"email\" data-parsley-type=\"email\" value=\"\" placeholder=\"Upi\u0161ite va\u0161 mejl\" data-required=\"true\" required class=\"usp-input\">\n\t\t<\/fieldset>\n\t\t\t\t\n\t\t<fieldset class=\"usp-title\">\n\t\t\t<label for=\"user-submitted-title\">NASLOV OGLASA<\/label>\n\t\t\t<input id=\"user-submitted-title\" name=\"user-submitted-title\" type=\"text\" value=\"\" placeholder=\"Upi\u0161ite naslov va\u0161eg oglasa\" data-required=\"true\" required class=\"usp-input\">\n\t\t<\/fieldset>\n\t\t\t\t\t\t\n\t\t<fieldset class=\"usp-tags\">\n\t\t\t<label for=\"user-submitted-tags\">KLJU\u010cNE RE\u010cI<\/label>\n\t\t\t<input id=\"user-submitted-tags\" name=\"user-submitted-tags\" type=\"text\" value=\"\" placeholder=\"Napi\u0161ite nekoliko klju\u010dnih re\u010di odvojenih zarezima\" data-required=\"true\" required class=\"usp-input\">\n\t\t<\/fieldset>\n\t\t\t\t\t\t\n\t\t<fieldset class=\"usp-captcha\">\n\t\t\t<label for=\"user-submitted-captcha\">(antispam pitanje) 9+12=<\/label>\n\t\t\t<input id=\"user-submitted-captcha\" name=\"user-submitted-captcha\" type=\"text\" value=\"\" placeholder=\"Brojevima upi\u0161ite ta\u010dan odgovor\" data-required=\"true\" required class=\"usp-input user-submitted-captcha\" data-parsley-excluded=\"true\">\n\t\t<\/fieldset>\n\t\t\t\t\n\t\t<fieldset class=\"usp-category\">\n\t\t\t<label for=\"user-submitted-category\">KATEGORIJA OGLASA<\/label>\n\t\t\t<select id=\"user-submitted-category\" data-required=\"true\" required class=\"usp-select\" name=\"user-submitted-category[]\">\n\t\t\t\t<option value=\"\" selected=\"true\" disabled>Izaberite kategoriju za va\u0161 oglas..<\/option>\n\t\t\t\t<option value=\"33\">ALATI I OPREMA<\/option><option value=\"34\">BELA TEHNIKA<\/option><option value=\"10\">DE\u010cIJA ODE\u0106A<\/option><option value=\"28\">DVORI\u0160TE I BA\u0160TA<\/option><option value=\"31\">ELEKTRONIKA<\/option><option value=\"30\">GRA\u0110EVINA<\/option><option value=\"29\">IGRA\u010cKE<\/option><option value=\"2\">IZDAVANJE NEKRETNINA<\/option><option value=\"35\">KNJIGE<\/option><option value=\"24\">KU\u0106NI APARATI<\/option><option value=\"25\">KU\u0106NI LJUBIMCI<\/option><option value=\"26\">MAJKA I DETE<\/option><option value=\"27\">MA\u0160INE<\/option><option value=\"23\">MODNI DETALJI<\/option><option value=\"8\">MU\u0160KA ODE\u0106A<\/option><option value=\"22\">MUZI\u010cKI INSTRUMENTI<\/option><option value=\"21\">NAKIT I SATOVI<\/option><option value=\"20\">NAME\u0160TAJ<\/option><option value=\"32\">OBU\u0106A<\/option><option value=\"19\">ODMOR I TURIZAM<\/option><option value=\"37\">OSTALO<\/option><option value=\"18\">POLJOPRIVREDA<\/option><option value=\"5\">POSAO<\/option><option value=\"7\">POZNANSTVA<\/option><option value=\"3\">PRODAJA NEKRETNINA<\/option><option value=\"17\">PROSLAVE I SLAVLJA<\/option><option value=\"16\">RA\u010cUNARI I KANCELARIJA<\/option><option value=\"36\">RU\u010cNI RADOVI<\/option><option value=\"15\">SPORT I REKREACIJA<\/option><option value=\"14\">SVETLA I OSVETLJENJE<\/option><option value=\"11\">TELEFONI I OPREMA<\/option><option value=\"6\">USLUGE<\/option><option value=\"4\">VOZILA<\/option><option value=\"12\">ZA AUTOMOBILE I MOTOCIKLE<\/option><option value=\"13\">ZDRAVLJE I LEPOTA<\/option><option value=\"9\">\u017dENSKA ODE\u0106A<\/option>\t\t\t<\/select>\n\t\t<\/fieldset>\n\t\t\t\t\n\t\t<fieldset class=\"usp-content\">\n\t\t\t\t\t\t\t\n\t\t\t<label for=\"user-submitted-content\">TEKST OGLASA I KONTAKT<\/label>\n\t\t\t<textarea id=\"user-submitted-content\" name=\"user-submitted-content\" rows=\"5\" placeholder=\"Upi\u0161ite tekst va\u0161eg oglasa i ne zaboravite da upi\u0161ete kontakt kako bi zaiteresovani mogli da vam se obrate.\" data-required=\"true\" required class=\"usp-textarea\"><\/textarea>\n\t\t\t\t\t\t\n\t\t<\/fieldset>\n\t\t\t\t\t\t\n\t\t<fieldset class=\"usp-images\">\n\t\t\t<label for=\"user-submitted-image\">U\u010cITAJTE SLIKE - MIN. 1. a MAX. 5 SLIKA<\/label>\n\t\t\t<div id=\"usp-upload-message\"><\/div>\n\t\t\t<div id=\"user-submitted-image\">\n\t\t\t\t\t\t\t\t\t\t\t\t\t\n\t\t\t\t<input name=\"user-submitted-image[]\" type=\"file\" size=\"25\" data-required=\"true\" required class=\"usp-input usp-clone\" accept=\"image\/*\">\n\t\t\t\t\t\t\t\t<a href=\"#\" id=\"usp_add-another\" class=\"usp-no-js\">Dodajte jo\u0161 jednu sliku<\/a>\t\t\t\t\t\t\t\n\t\t\t<\/div>\n\t\t\t<input type=\"hidden\" class=\"usp-hidden\" id=\"usp-min-images\" name=\"usp-min-images\" value=\"1\">\n\t\t\t<input type=\"hidden\" class=\"usp-hidden\" id=\"usp-max-images\" name=\"usp-max-images\" value=\"5\">\n\t\t<\/fieldset>\n\t\t\t\t\t\t\n\t\t<fieldset id=\"usp_verify\" style=\"display:none;\">\n\t\t\t<label for=\"user-submitted-verify\">Human verification: leave this field empty.<\/label>\n\t\t\t<input id=\"user-submitted-verify\" name=\"user-submitted-verify\" type=\"text\" value=\"\" data-parsley-excluded=\"true\">\n\t\t<\/fieldset>\n\t\t\n\t\t\t\t\n\t\t<div id=\"usp-submit\">\n\t\t\t\t\t\t\t\t\t\t\t\t\t\t\t\t\t\t\n\t\t\t<input type=\"submit\" class=\"usp-submit\" id=\"user-submitted-post\" name=\"user-submitted-post\" value=\"OBJAVITE OGLAS\">\n\t\t\t<input type=\"hidden\" id=\"usp-nonce\" name=\"usp-nonce\" value=\"48624543e7\" \/>\t\t\t\n\t\t<\/div>\n\t\t\n\t<\/form>\n<\/div>\n<script>(function(){var e = document.getElementById('usp_verify'); if(e) e.parentNode.removeChild(e);})();<\/script>\n\n\n\n\n\n\n\n\n\n\n\n\n\n\n\n\n\n<div style=\"font-family: Arial, sans-serif; line-height: 1.6; font-size: 16px;\">\n    <p><strong>Iznad ovog teksta nalazi se obrazac za postavljanje oglasa<\/strong>, preko koga svi zainteresovani pojedinci i firme mogu potpuno besplatno i jednostavno postaviti svoj oglas za <strong>Kragujevac (naselje Pivara)<\/strong>. Oglas mo\u017eete prilagoditi svojim potrebama \u2013 dodajte tekst, slike ili druge informacije kako bi va\u0161a ponuda ili usluga bila jasna i privla\u010dna potencijalnim klijentima.<\/p>\n    \n    <p>Oglasi su <strong>u potpunosti besplatni<\/strong>, a va\u0161a ponuda \u0107e biti vidljiva na vi\u0161e razli\u010ditih lokacija. Bilo da promovi\u0161ete proizvode, usluge, doga\u0111aje ili ne\u0161to drugo, ovo je savr\u0161ena prilika da besplatno doprete do velikog broja ljudi u naselju <strong>Kragujevac (naselje Pivara)<\/strong>.<\/p>\n    \n    <p><strong>Za\u0161to se ogla\u0161avati ovde?<\/strong><\/p>\n    <ul>\n        <li><strong>Besplatno ogla\u0161avanje:<\/strong> Nema nikakvih tro\u0161kova, a oglasi su dostupni svima.<\/li>\n        <li><strong>Jednostavan proces:<\/strong> Samo nekoliko minuta je potrebno da popunite obrazac i postavite svoj oglas.<\/li>\n        <li><strong>Velika vidljivost:<\/strong> Oglasi se odmah prikazuju na glavnom sajtu i dodatno promovi\u0161u na drugim popularnim web mestima.<\/li>\n        <li><strong>Prilagodljiv sadr\u017eaj:<\/strong> Dodajte slike i detaljan opis kako biste bolje predstavili svoju ponudu.<\/li>\n        <li><strong>Lokalna optimizacija:<\/strong> Oglasi su posebno namenjeni za podru\u010dje <strong>Kragujevac (naselje Pivara)<\/strong>, osiguravaju\u0107i relevantnu publiku.<\/li>\n    <\/ul>\n    \n    <p>Va\u0161 oglas \u0107e odmah nakon postavljanja biti vidljiv na sajtu <strong><a href=\"https:\/\/oglasi.infooglasi.rs\/oglasi\/oglasikragujevacpivara\/\" style=\"color: black; font-weight: bold; text-decoration: none;\">Postavite Oglas \u2013 Kragujevac (naselje Pivara)<\/a><\/strong>. Dodatno, oglasi \u0107e biti prikazani i na slede\u0107im web lokacijama u roku od 5 minuta do 2 \u010dasa:<\/p>\n    \n    <div style=\"margin: 20px 0;\">\n        <button style=\"background-color: black; color: white; font-size: 16px; padding: 10px 20px; border: none; cursor: pointer; margin-bottom: 20px;\" onmouseover=\"this.style.backgroundColor='#333'\" onmouseout=\"this.style.backgroundColor='black'\" onclick=\"window.location.href='https:\/\/oglasi.infooglasi.rs\/oglasi\/oglasikragujevacpivara\/'\">\n            POSTAVITE OGLAS \u2013 KRAGUJEVAC (NASELJE PIVARA)\n        <\/button>\n    <\/div>\n\n    <div style=\"margin: 20px 0;\">\n        <button style=\"background-color: #f0f0f0; color: #333; font-size: 14px; padding: 10px 20px; border: 1px solid #ccc; cursor: pointer; margin: 5px;\" onmouseover=\"this.style.backgroundColor='#e0e0e0'\" onmouseout=\"this.style.backgroundColor='#f0f0f0'\" onclick=\"window.location.href='https:\/\/oglasi.mozellosite.com\/oglasi\/kragujevac-pivara'\">\n            OGLASI-OGLASI KRAGUJEVAC (NASELJE PIVARA)\n        <\/button>\n        <button style=\"background-color: #f0f0f0; color: #333; font-size: 14px; padding: 10px 20px; border: 1px solid #ccc; cursor: pointer; margin: 5px;\" onmouseover=\"this.style.backgroundColor='#e0e0e0'\" onmouseout=\"this.style.backgroundColor='#f0f0f0'\" onclick=\"window.location.href='http:\/\/oglasi.42web.io\/oglasi-kragujevac-pivara\/'\">\n            OGLASI PO GRADOVIMA KRAGUJEVAC (NASELJE PIVARA)\n        <\/button>\n        <button style=\"background-color: #f0f0f0; color: #333; font-size: 14px; padding: 10px 20px; border: 1px solid #ccc; cursor: pointer; margin: 5px;\" onmouseover=\"this.style.backgroundColor='#e0e0e0'\" onmouseout=\"this.style.backgroundColor='#f0f0f0'\" onclick=\"window.location.href='https:\/\/zutioglasi.blogspot.com\/p\/oglasi-kragujevac-pivara.html'\">\n            \u017dUTI OGLASI KRAGUJEVAC (NASELJE PIVARA)\n        <\/button>\n        <button style=\"background-color: #f0f0f0; color: #333; font-size: 14px; padding: 10px 20px; border: 1px solid #ccc; cursor: pointer; margin: 5px;\" onmouseover=\"this.style.backgroundColor='#e0e0e0'\" onmouseout=\"this.style.backgroundColor='#f0f0f0'\" onclick=\"window.location.href='https:\/\/sites.google.com\/view\/objave\/kragujevac-pivara-oglasi'\">\n            OGLA\u0160AVANJE KRAGUJEVAC (NASELJE PIVARA)\n        <\/button>\n        <button style=\"background-color: #f0f0f0; color: #333; font-size: 14px; padding: 10px 20px; border: 1px solid #ccc; cursor: pointer; margin: 5px;\" onmouseover=\"this.style.backgroundColor='#e0e0e0'\" onmouseout=\"this.style.backgroundColor='#f0f0f0'\" onclick=\"window.location.href='https:\/\/objave.weebly.com\/oglasikragujevacpivara.html'\">\n            OBJAVE I OGLASI KRAGUJEVAC (NASELJE PIVARA)\n        <\/button>\n    <\/div>\n\n    <p><strong>Ne propustite priliku da se ogla\u0161avate besplatno<\/strong> i da va\u0161a ponuda bude vidljiva svima u naselju <strong>Kragujevac (naselje Pivara)<\/strong>. Oglasna forma se nalazi iznad ovog teksta \u2013 postavite svoj oglas ve\u0107 danas i omogu\u0107ite sebi ve\u0107u vidljivost i bolje poslovne prilike!<\/p>\n<\/div>\n\n","protected":false},"excerpt":{"rendered":"<p>Iznad ovog teksta nalazi se obrazac za postavljanje oglasa, preko koga svi zainteresovani pojedinci i firme mogu potpuno besplatno i&hellip;<\/p>\n","protected":false},"author":1,"featured_media":0,"parent":0,"menu_order":0,"comment_status":"closed","ping_status":"closed","template":"","meta":{"footnotes":""},"class_list":["post-51","page","type-page","status-publish","hentry"],"_links":{"self":[{"href":"https:\/\/oglasi.infooglasi.rs\/oglasi\/oglasikragujevacpivara\/wp-json\/wp\/v2\/pages\/51","targetHints":{"allow":["GET"]}}],"collection":[{"href":"https:\/\/oglasi.infooglasi.rs\/oglasi\/oglasikragujevacpivara\/wp-json\/wp\/v2\/pages"}],"about":[{"href":"https:\/\/oglasi.infooglasi.rs\/oglasi\/oglasikragujevacpivara\/wp-json\/wp\/v2\/types\/page"}],"author":[{"embeddable":true,"href":"https:\/\/oglasi.infooglasi.rs\/oglasi\/oglasikragujevacpivara\/wp-json\/wp\/v2\/users\/1"}],"replies":[{"embeddable":true,"href":"https:\/\/oglasi.infooglasi.rs\/oglasi\/oglasikragujevacpivara\/wp-json\/wp\/v2\/comments?post=51"}],"version-history":[{"count":72,"href":"https:\/\/oglasi.infooglasi.rs\/oglasi\/oglasikragujevacpivara\/wp-json\/wp\/v2\/pages\/51\/revisions"}],"predecessor-version":[{"id":2971,"href":"https:\/\/oglasi.infooglasi.rs\/oglasi\/oglasikragujevacpivara\/wp-json\/wp\/v2\/pages\/51\/revisions\/2971"}],"wp:attachment":[{"href":"https:\/\/oglasi.infooglasi.rs\/oglasi\/oglasikragujevacpivara\/wp-json\/wp\/v2\/media?parent=51"}],"curies":[{"name":"wp","href":"https:\/\/api.w.org\/{rel}","templated":true}]}}