{"id":51,"date":"2023-10-07T19:45:38","date_gmt":"2023-10-07T19:45:38","guid":{"rendered":"https:\/\/oglasi.infooglasi.rs\/oglasi\/oglasialeksandrovac\/?page_id=51"},"modified":"2024-12-16T18:12:24","modified_gmt":"2024-12-16T17:12:24","slug":"postavite-oglas-negotin","status":"publish","type":"page","link":"https:\/\/oglasi.infooglasi.rs\/oglasi\/oglasinegotin\/postavite-oglas-negotin\/","title":{"rendered":"POSTAVITE OGLAS &#8211; NEGOTIN"},"content":{"rendered":"\n\n<!-- User Submitted Posts @ https:\/\/m0n.co\/usp -->\n\n<div id=\"user-submitted-posts\">\n\t\t\n\t<form id=\"usp_form\" method=\"post\" enctype=\"multipart\/form-data\" action=\"\">\n\t\t<div id=\"usp-error-message\" class=\"usp-callout-failure usp-hidden\">Please complete the required fields.<\/div>\n\t\t\t\t\n\t\t<fieldset class=\"usp-name\">\n\t\t\t<label for=\"user-submitted-name\">IME<\/label>\n\t\t\t<input id=\"user-submitted-name\" name=\"user-submitted-name\" type=\"text\" value=\"\" placeholder=\"Upi\u0161ite svoje ime\" data-required=\"true\" required class=\"usp-input\">\n\t\t<\/fieldset>\n\t\t\t\t\n\t\t<fieldset class=\"usp-email\">\n\t\t\t<label for=\"user-submitted-email\">MEJL<\/label>\n\t\t\t<input id=\"user-submitted-email\" name=\"user-submitted-email\" type=\"email\" data-parsley-type=\"email\" value=\"\" placeholder=\"Upi\u0161ite va\u0161 mejl\" data-required=\"true\" required class=\"usp-input\">\n\t\t<\/fieldset>\n\t\t\t\t\n\t\t<fieldset class=\"usp-title\">\n\t\t\t<label for=\"user-submitted-title\">NASLOV OGLASA<\/label>\n\t\t\t<input id=\"user-submitted-title\" name=\"user-submitted-title\" type=\"text\" value=\"\" placeholder=\"Upi\u0161ite naslov va\u0161eg oglasa\" data-required=\"true\" required class=\"usp-input\">\n\t\t<\/fieldset>\n\t\t\t\t\t\t\n\t\t<fieldset class=\"usp-tags\">\n\t\t\t<label for=\"user-submitted-tags\">KLJU\u010cNE RE\u010cI<\/label>\n\t\t\t<input id=\"user-submitted-tags\" name=\"user-submitted-tags\" type=\"text\" value=\"\" placeholder=\"Napi\u0161ite nekoliko klju\u010dnih re\u010di odvojenih zarezima\" data-required=\"true\" required class=\"usp-input\">\n\t\t<\/fieldset>\n\t\t\t\t\t\t\n\t\t<fieldset class=\"usp-captcha\">\n\t\t\t<label for=\"user-submitted-captcha\">(antispam pitanje) 9+12=<\/label>\n\t\t\t<input id=\"user-submitted-captcha\" name=\"user-submitted-captcha\" type=\"text\" value=\"\" placeholder=\"Brojevima upi\u0161ite ta\u010dan odgovor\" data-required=\"true\" required class=\"usp-input user-submitted-captcha\" data-parsley-excluded=\"true\">\n\t\t<\/fieldset>\n\t\t\t\t\n\t\t<fieldset class=\"usp-category\">\n\t\t\t<label for=\"user-submitted-category\">KATEGORIJA OGLASA<\/label>\n\t\t\t<select id=\"user-submitted-category\" data-required=\"true\" required class=\"usp-select\" name=\"user-submitted-category[]\">\n\t\t\t\t<option value=\"\" selected=\"true\" disabled>Izaberite kategoriju za va\u0161 oglas..<\/option>\n\t\t\t\t<option value=\"33\">ALATI I OPREMA<\/option><option value=\"34\">BELA TEHNIKA<\/option><option value=\"10\">DE\u010cIJA ODE\u0106A<\/option><option value=\"28\">DVORI\u0160TE I BA\u0160TA<\/option><option value=\"31\">ELEKTRONIKA<\/option><option value=\"30\">GRA\u0110EVINA<\/option><option value=\"29\">IGRA\u010cKE<\/option><option value=\"2\">IZDAVANJE NEKRETNINA<\/option><option value=\"35\">KNJIGE<\/option><option value=\"24\">KU\u0106NI APARATI<\/option><option value=\"25\">KU\u0106NI LJUBIMCI<\/option><option value=\"26\">MAJKA I DETE<\/option><option value=\"27\">MA\u0160INE<\/option><option value=\"23\">MODNI DETALJI<\/option><option value=\"8\">MU\u0160KA ODE\u0106A<\/option><option value=\"22\">MUZI\u010cKI INSTRUMENTI<\/option><option value=\"21\">NAKIT I SATOVI<\/option><option value=\"20\">NAME\u0160TAJ<\/option><option value=\"32\">OBU\u0106A<\/option><option value=\"19\">ODMOR I TURIZAM<\/option><option value=\"37\">OSTALO<\/option><option value=\"18\">POLJOPRIVREDA<\/option><option value=\"5\">POSAO<\/option><option value=\"7\">POZNANSTVA<\/option><option value=\"3\">PRODAJA NEKRETNINA<\/option><option value=\"17\">PROSLAVE I SLAVLJA<\/option><option value=\"16\">RA\u010cUNARI I KANCELARIJA<\/option><option value=\"36\">RU\u010cNI RADOVI<\/option><option value=\"15\">SPORT I REKREACIJA<\/option><option value=\"14\">SVETLA I OSVETLJENJE<\/option><option value=\"11\">TELEFONI I OPREMA<\/option><option value=\"6\">USLUGE<\/option><option value=\"4\">VOZILA<\/option><option value=\"12\">ZA AUTOMOBILE I MOTOCIKLE<\/option><option value=\"13\">ZDRAVLJE I LEPOTA<\/option><option value=\"9\">\u017dENSKA ODE\u0106A<\/option>\t\t\t<\/select>\n\t\t<\/fieldset>\n\t\t\t\t\n\t\t<fieldset class=\"usp-content\">\n\t\t\t\t\t\t\t\n\t\t\t<label for=\"user-submitted-content\">TEKST OGLASA I KONTAKT<\/label>\n\t\t\t<textarea id=\"user-submitted-content\" name=\"user-submitted-content\" rows=\"5\" placeholder=\"Upi\u0161ite tekst va\u0161eg oglasa i ne zaboravite da upi\u0161ete kontakt kako bi zaiteresovani mogli da vam se obrate.\" data-required=\"true\" required class=\"usp-textarea\"><\/textarea>\n\t\t\t\t\t\t\n\t\t<\/fieldset>\n\t\t\t\t\t\t\n\t\t<fieldset class=\"usp-images\">\n\t\t\t<label for=\"user-submitted-image\">U\u010cITAJTE SLIKE - MIN. 1. a MAX. 5 SLIKA<\/label>\n\t\t\t<div id=\"usp-upload-message\"><\/div>\n\t\t\t<div id=\"user-submitted-image\">\n\t\t\t\t\t\t\t\t\t\t\t\t\t\n\t\t\t\t<input name=\"user-submitted-image[]\" type=\"file\" size=\"25\" data-required=\"true\" required class=\"usp-input usp-clone\" accept=\"image\/*\">\n\t\t\t\t\t\t\t\t<a href=\"#\" id=\"usp_add-another\" class=\"usp-no-js\">Dodajte jo\u0161 jednu sliku<\/a>\t\t\t\t\t\t\t\n\t\t\t<\/div>\n\t\t\t<input type=\"hidden\" class=\"usp-hidden\" id=\"usp-min-images\" name=\"usp-min-images\" value=\"1\">\n\t\t\t<input type=\"hidden\" class=\"usp-hidden\" id=\"usp-max-images\" name=\"usp-max-images\" value=\"5\">\n\t\t<\/fieldset>\n\t\t\t\t\t\t\n\t\t<fieldset id=\"usp_verify\" style=\"display:none;\">\n\t\t\t<label for=\"user-submitted-verify\">Human verification: leave this field empty.<\/label>\n\t\t\t<input id=\"user-submitted-verify\" name=\"user-submitted-verify\" type=\"text\" value=\"\" data-parsley-excluded=\"true\">\n\t\t<\/fieldset>\n\t\t\n\t\t\t\t\n\t\t<div id=\"usp-submit\">\n\t\t\t\t\t\t\t\t\t\t\t\t\t\t\t\t\t\t\n\t\t\t<input type=\"submit\" class=\"usp-submit\" id=\"user-submitted-post\" name=\"user-submitted-post\" value=\"OBJAVITE OGLAS\">\n\t\t\t<input type=\"hidden\" id=\"usp-nonce\" name=\"usp-nonce\" value=\"d891af50bd\" \/>\t\t\t\n\t\t<\/div>\n\t\t\n\t<\/form>\n<\/div>\n<script>(function(){var e = document.getElementById('usp_verify'); if(e) e.parentNode.removeChild(e);})();<\/script>\n\n\n\n\n\n\n\n\n\n\n\n\n\n\n\n\n\n<!-- Tekst obave\u0161tenja o besplatnom ogla\u0161avanju u Negotinu -->\n<div style=\"font-size: 18px; font-weight: bold; color: #333; line-height: 1.6;\">\n    <p><strong>VA\u017dNO OBAVE\u0160TENJE:<\/strong><\/p>\n    <p>Iznad ovog teksta nalazi se obrazac putem kojeg svi zainteresovani pojedinci, kao i firme, mogu da postave svoj oglas. Ovaj obrazac omogu\u0107ava brzo i jednostavno postavljanje oglasa, koji mo\u017ee sadr\u017eati tekstualni deo, kao i fotografije, \u010dime se jasno prikazuje \u0161ta prodajete ili koje usluge nudite. Oglasi mogu biti postavljeni potpuno besplatno, bez ikakvih skrivenih tro\u0161kova.<\/p>\n\n    <p><strong>Za\u0161to je ogla\u0161avanje na ovoj stranici idealno?<\/strong><\/p>\n    <ul>\n        <li><strong>Besplatno ogla\u0161avanje<\/strong> za proizvode, usluge i sve ostale vrste ponuda.<\/li>\n        <li><strong>Brza i jednostavna postavka oglasa<\/strong> &#8211; u samo nekoliko minuta mo\u017eete postaviti oglas i odmah po\u010deti sa promocijom.<\/li>\n        <li><strong>Optimizacija oglasa<\/strong> &#8211; va\u0161 oglas \u0107e biti vidljiv na vi\u0161e sajtova, blogova i oglasnih tabli, \u010dime \u0107ete pove\u0107ati \u0161anse za pronala\u017eenje potencijalnih kupaca ili klijenata.<\/li>\n        <li><strong>Ve\u0107a vidljivost<\/strong> na popularnim sajtovima vezanim za mesto Negotin, \u0161to omogu\u0107ava ve\u0107i doseg i \u0161iru publiku.<\/li>\n    <\/ul>\n\n    <p><strong>Va\u0161 oglas \u0107e biti prikazan na slede\u0107im sajtovima:<\/strong><\/p>\n    <p><strong>Oglas \u0107e odmah biti vidljiv na na\u0161em sajtu:<\/strong> <a href=\"https:\/\/oglasi.infooglasi.rs\/oglasi\/oglasinegotin\/\" style=\"background-color: black; color: white; padding: 10px 20px; text-decoration: none; font-weight: bold; border-radius: 5px;\">POSTAVITE OGLAS &#8211; NEGOTIN<\/a><\/p>\n    <p>Osim na ovom sajtu, oglas \u0107e biti prikazan i na slede\u0107im sajtovima, u vremenskom rasponu od 5 minuta do 2 \u010dasa:<\/p>\n    \n    <div style=\"margin-top: 20px;\">\n        <a href=\"https:\/\/oglasi.mozellosite.com\/oglasi\/negotin\" style=\"display: inline-block; background-color: #d3d3d3; color: black; padding: 10px 20px; text-decoration: none; margin-bottom: 10px; font-weight: bold; border-radius: 5px; transition: transform 0.3s ease;\" target=\"_blank\" rel=\"noopener\">OGLASI-OGLASI NEGOTIN<\/a>\n        <a href=\"http:\/\/oglasi.42web.io\/oglasi-negotin\/\" style=\"display: inline-block; background-color: #d3d3d3; color: black; padding: 10px 20px; text-decoration: none; margin-bottom: 10px; font-weight: bold; border-radius: 5px; transition: transform 0.3s ease;\" target=\"_blank\" rel=\"noopener\">OGLASI PO GRADOVIMA NEGOTIN<\/a>\n        <a href=\"https:\/\/zutioglasi.blogspot.com\/p\/oglasi-negotin.html\" style=\"display: inline-block; background-color: #d3d3d3; color: black; padding: 10px 20px; text-decoration: none; margin-bottom: 10px; font-weight: bold; border-radius: 5px; transition: transform 0.3s ease;\" target=\"_blank\" rel=\"noopener\">\u017dUTI OGLASI NEGOTIN<\/a>\n        <a href=\"https:\/\/sites.google.com\/view\/objave\/negotin-oglasi\" style=\"display: inline-block; background-color: #d3d3d3; color: black; padding: 10px 20px; text-decoration: none; margin-bottom: 10px; font-weight: bold; border-radius: 5px; transition: transform 0.3s ease;\" target=\"_blank\" rel=\"noopener\">OGLA\u0160AVANJE NEGOTIN<\/a>\n        <a href=\"https:\/\/objave.weebly.com\/oglasinegotin.htmla\" style=\"display: inline-block; background-color: #d3d3d3; color: black; padding: 10px 20px; text-decoration: none; margin-bottom: 10px; font-weight: bold; border-radius: 5px; transition: transform 0.3s ease;\" target=\"_blank\" rel=\"noopener\">OBJAVE I OGLASI NEGOTIN<\/a>\n    <\/div>\n\n    <p><strong>Va\u017eno:<\/strong> Dugmadi imaju zanimljiv efekat kada se pre\u0111e mi\u0161em preko njih &#8211; nagla\u0161ava\u0107e se pove\u0107anjem ili promenom boje, \u010dime se stvara dinami\u010dan vizuelni efekat. Tako\u0111e, dugmadi su SEO optimizovana, \u010dime se pobolj\u0161ava vidljivost na pretra\u017eiva\u010dima i omogu\u0107ava bolji doseg va\u0161ih oglasa.<\/p>\n\n    <p><strong>Obrazac za postavljanje oglasa:<\/strong> Na po\u010detku ove stranice postavljen je obrazac za online upisivanje oglasa. Svi zainteresovani mogu besplatno postaviti svoj oglas u samo nekoliko minuta. Oglas mo\u017eete postaviti za proizvode, usluge ili bilo \u0161ta drugo \u0161to \u017eelite da podelite sa \u0161irom javno\u0161\u0107u.<\/p>\n\n    <p><strong>Oglasi su potpuno besplatni<\/strong> i mo\u017eete ih postaviti bez ikakvih skrivenih tro\u0161kova. Samo popunite obrazac, dodajte potrebne informacije, slike i va\u0161 oglas \u0107e odmah biti online!<\/p>\n<\/div>\n\n<!-- Obrazac za postavljanje oglasa je postavljen iznad ovog teksta -->\n\n","protected":false},"excerpt":{"rendered":"<p>VA\u017dNO OBAVE\u0160TENJE: Iznad ovog teksta nalazi se obrazac putem kojeg svi zainteresovani pojedinci, kao i firme, mogu da postave svoj&hellip;<\/p>\n","protected":false},"author":1,"featured_media":0,"parent":0,"menu_order":0,"comment_status":"closed","ping_status":"closed","template":"","meta":{"footnotes":""},"class_list":["post-51","page","type-page","status-publish","hentry"],"_links":{"self":[{"href":"https:\/\/oglasi.infooglasi.rs\/oglasi\/oglasinegotin\/wp-json\/wp\/v2\/pages\/51","targetHints":{"allow":["GET"]}}],"collection":[{"href":"https:\/\/oglasi.infooglasi.rs\/oglasi\/oglasinegotin\/wp-json\/wp\/v2\/pages"}],"about":[{"href":"https:\/\/oglasi.infooglasi.rs\/oglasi\/oglasinegotin\/wp-json\/wp\/v2\/types\/page"}],"author":[{"embeddable":true,"href":"https:\/\/oglasi.infooglasi.rs\/oglasi\/oglasinegotin\/wp-json\/wp\/v2\/users\/1"}],"replies":[{"embeddable":true,"href":"https:\/\/oglasi.infooglasi.rs\/oglasi\/oglasinegotin\/wp-json\/wp\/v2\/comments?post=51"}],"version-history":[{"count":97,"href":"https:\/\/oglasi.infooglasi.rs\/oglasi\/oglasinegotin\/wp-json\/wp\/v2\/pages\/51\/revisions"}],"predecessor-version":[{"id":4314,"href":"https:\/\/oglasi.infooglasi.rs\/oglasi\/oglasinegotin\/wp-json\/wp\/v2\/pages\/51\/revisions\/4314"}],"wp:attachment":[{"href":"https:\/\/oglasi.infooglasi.rs\/oglasi\/oglasinegotin\/wp-json\/wp\/v2\/media?parent=51"}],"curies":[{"name":"wp","href":"https:\/\/api.w.org\/{rel}","templated":true}]}}