{"id":4288,"date":"2024-09-15T14:08:11","date_gmt":"2024-09-15T12:08:11","guid":{"rendered":"https:\/\/oglasi.infooglasi.rs\/oglasi\/oglasinis\/?page_id=4288"},"modified":"2024-09-15T16:00:28","modified_gmt":"2024-09-15T14:00:28","slug":"oglasi-i-ponude-nis","status":"publish","type":"page","link":"https:\/\/oglasi.infooglasi.rs\/oglasi\/oglasinis\/oglasi-i-ponude-nis\/","title":{"rendered":"Oglasi i Ponude NI\u0160"},"content":{"rendered":"\n<p>Oglasi i Ponude NI\u0160: Va\u0161e Mesto za Brzo i Besplatno Postavljanje Oglasa<\/p>\n\n\n\n<p><strong>Dobrodo\u0161li na &#8220;Oglasi i Ponude NI\u0160&#8221;!<\/strong> Ako tra\u017eite mesto gde mo\u017eete brzo, lako i potpuno besplatno postaviti svoje oglase u Ni\u0161u, na pravom ste mestu! Posetite nas odmah na <a href=\"https:\/\/oglasi.infooglasi.rs\/oglasi\/oglasinis\/\">Oglasi i Ponude NI\u0160<\/a> i saznajte za\u0161to smo najbolji izbor za promociju va\u0161ih proizvoda i usluga. \ud83d\ude80<\/p>\n\n\n\n<h2 class=\"wp-block-heading\">Za\u0161to Odabrati Oglasi i Ponude NI\u0160?<\/h2>\n\n\n\n<p>Na na\u0161em sajtu &#8220;Oglasi i Ponude NI\u0160&#8221;, ogla\u0161avanje je <em>potpuno besplatno<\/em>! Va\u0161 oglas odmah postaje vidljiv na naslovnoj strani, \u010dime se pove\u0107ava njegova vidljivost i doseg. Uz svaki oglas, mo\u017eete dodati i fotografije kako biste dodatno privukli pa\u017enju potencijalnih kupaca. \ud83c\udfaf<\/p>\n\n\n\n<h2 class=\"wp-block-heading\">Kako Funkcioni\u0161e Postavljanje Oglasa?<\/h2>\n\n\n\n<p>Jednostavno je! Registrujte se na na\u0161em sajtu <a href=\"https:\/\/oglasi.infooglasi.rs\/oglasi\/oglasinis\/\">Oglasi i Ponude NI\u0160<\/a>, kreirajte svoj oglas sa detaljnim opisom i fotografijama, i va\u0161 oglas je odmah spreman za prikazivanje. S obzirom na to da se oglasi prikazuju na naslovnoj strani, ve\u0107a je verovatno\u0107a da \u0107ete brzo dobiti odgovore od zainteresovanih kupaca. \ud83d\ude0a<\/p>\n\n\n\n<h2 class=\"wp-block-heading\">Raznovrsne Kategorije Oglasa<\/h2>\n\n\n\n<p>&#8220;Oglasi i Ponude NI\u0160&#8221; obuhvataju mnoge kategorije, omogu\u0107avaju\u0107i svakome da prona\u0111e mesto za svoj oglas. Pogledajmo neke od popularnih kategorija:<\/p>\n\n\n\n<h3 class=\"wp-block-heading\">\u017denska Ode\u0107a u NI\u0160U<\/h3>\n\n\n\n<p>Na stranici za <a href=\"https:\/\/oglasi.infooglasi.rs\/oglasi\/oglasinis\/category\/zenska-odeca\/\">\u017densku Ode\u0107u<\/a>, mo\u017eete oglasiti sve vrste \u017eenske ode\u0107e, uklju\u010duju\u0107i prsluke, haljine, ko\u0161ulje, pantalone, d\u017eempere, kapute i jo\u0161 mnogo toga. Bez obzira da li prodajete novu ili polovnu ode\u0107u, ovde \u0107ete sigurno prona\u0107i kupce koji tra\u017ee ba\u0161 ono \u0161to vi nudite. \ud83d\udc57<\/p>\n\n\n\n<h3 class=\"wp-block-heading\">Zdravlje i Lepota u NI\u0160U<\/h3>\n\n\n\n<p>Na\u0161a kategorija <a href=\"https:\/\/oglasi.infooglasi.rs\/oglasi\/oglasinis\/category\/zdravlje-i-lepota\/\">Zdravlje i Lepota<\/a> omogu\u0107ava vam da oglasite proizvode za negu lica i tela, poput aparata za negu kose, preparata za farbanje, \u0161minke, parfema i drugih proizvoda. Sve \u0161to je vezano za zdravlje i lepotu mo\u017eete oglasiti na jednom mestu! \ud83d\udc84\ud83c\udf3f<\/p>\n\n\n\n<h3 class=\"wp-block-heading\">Elektronika u NI\u0160U<\/h3>\n\n\n\n<p>Ako \u017eelite da prodate elektronske ure\u0111aje ili komponente, posetite na\u0161u stranicu za <a href=\"https:\/\/oglasi.infooglasi.rs\/oglasi\/oglasinis\/category\/elektronika\/\">Elektroniku<\/a>. Oglasi i Ponude NI\u0160 pru\u017eaju mogu\u0107nost ogla\u0161avanja raznih proizvoda, od 3D \u0161tampa\u010da, alarmnih sistema, audio ure\u0111aja, do potro\u0161a\u010dke elektronike. Svoje proizvode mo\u017eete lako promovisati i prona\u0107i zainteresovane kupce. \ud83d\udcbb\ud83d\udcf1<\/p>\n\n\n\n<h3 class=\"wp-block-heading\">De\u010dija Ode\u0107a u NI\u0160U<\/h3>\n\n\n\n<p>Na stranici <a href=\"https:\/\/oglasi.infooglasi.rs\/oglasi\/oglasinis\/category\/decija-odeca\/\">De\u010dija Ode\u0107a<\/a>, mo\u017eete postaviti oglase za sve vrste de\u010dije ode\u0107e, uklju\u010duju\u0107i ko\u0161ulje, pantalone, jakne, kapute i jo\u0161 mnogo toga. \ud83e\uddd2\ud83d\udc55<\/p>\n\n\n\n<h3 class=\"wp-block-heading\">Ma\u0161ine u NI\u0160U<\/h3>\n\n\n\n<p>Na\u0161a kategorija <a href=\"https:\/\/oglasi.infooglasi.rs\/oglasi\/oglasinis\/category\/masine\/\">Ma\u0161ine<\/a> pru\u017ea mogu\u0107nost ogla\u0161avanja prodaje ma\u0161ina svih vrsta, uklju\u010duju\u0107i CNC ma\u0161ine, ma\u0161ine za obradu drveta, metala, plastike i mnogo toga drugog. Sve ma\u0161ine na jednom mestu! \ud83c\udfd7\ufe0f<\/p>\n\n\n\n<h3 class=\"wp-block-heading\">Poljoprivreda u NI\u0160U<\/h3>\n\n\n\n<p>Na stranici za <a href=\"https:\/\/oglasi.infooglasi.rs\/oglasi\/oglasinis\/category\/poljoprivreda\/\">Poljoprivredu<\/a>, mo\u017eete oglasiti sve \u0161to je vezano za poljoprivredu, od alata i mehanizacije, preko prodaje doma\u0107ih \u017eivotinja, do pesticida i \u0111ubriva. Ako ste u potrazi za poljoprivrednom opremom ili proizvodima, ovde \u0107ete prona\u0107i sve \u0161to vam je potrebno. \ud83c\udf3e\ud83d\ude9c<\/p>\n\n\n\n<h3 class=\"wp-block-heading\">Nakit i Satovi u NI\u0160U<\/h3>\n\n\n\n<p>U kategoriji <a href=\"https:\/\/oglasi.infooglasi.rs\/oglasi\/oglasinis\/category\/nakit-i-satovi\/\">Nakit i Satovi<\/a>, mo\u017eete promovisati nakit i satove svih vrsta, uklju\u010duju\u0107i mu\u0161ke, \u017eenske i de\u010dije satove, kao i razne vrste nakita poput prstenja, ogrlica, narukvica i jo\u0161 mnogo toga. \ud83d\udc8d\u23f1\ufe0f<\/p>\n\n\n\n<h3 class=\"wp-block-heading\">Gra\u0111evina u NI\u0160U<\/h3>\n\n\n\n<p>Na\u0161a kategorija <a href=\"https:\/\/oglasi.infooglasi.rs\/oglasi\/oglasinis\/category\/gradevina\/\">Gra\u0111evina<\/a> pokriva sve vezano za gra\u0111evinu, arhitekturu i dizajn, uklju\u010duju\u0107i materijale za gradnju, alate, opremu i gra\u0111evinske ma\u0161ine. Sve \u0161to vam je potrebno za gra\u0111evinske projekte mo\u017eete oglasiti upravo ovde. \ud83c\udfd7\ufe0f<\/p>\n\n\n\n<h2 class=\"wp-block-heading\">Besplatno Postavljanje Oglasa na Oglasi i Ponude NI\u0160<\/h2>\n\n\n\n<p>Na &#8220;Oglasi i Ponude NI\u0160&#8221;, postavljanje oglasa je u potpunosti besplatno! Na\u0161a platforma je dizajnirana da vam pomogne u pronala\u017eenju kupaca za va\u0161e proizvode i usluge. Va\u0161 oglas se pojavljuje odmah na naslovnoj stranici, \u010dime privla\u010di vi\u0161e pa\u017enje i omogu\u0107ava brzu prodaju.<\/p>\n\n\n\n<h3 class=\"wp-block-heading\">Posetite Nas Sada!<\/h3>\n\n\n\n<p>Ne propustite priliku da besplatno oglasite svoje proizvode i usluge u Ni\u0161u. Posetite <a href=\"https:\/\/oglasi.infooglasi.rs\/oglasi\/oglasinis\/\">Oglasi i Ponude NI\u0160<\/a> i zapo\u010dnite sa ogla\u0161avanjem ve\u0107 danas!<\/p>\n\n\n\n<h3 class=\"wp-block-heading\">Klju\u010dne Prednosti &#8220;Oglasi i Ponude NI\u0160&#8221;<\/h3>\n\n\n\n<ul class=\"wp-block-list\">\n<li><strong>Brzo i lako postavljanje oglasa<\/strong> \ud83d\ude80<\/li>\n\n\n\n<li><strong>Besplatno ogla\u0161avanje<\/strong> \ud83d\udcb8<\/li>\n\n\n\n<li><strong>Vi\u0161e kategorija za sve vrste proizvoda i usluga<\/strong> \ud83c\udfaf<\/li>\n\n\n\n<li><strong>Dodavanje fotografija uz oglas<\/strong> \ud83d\udcf8<\/li>\n\n\n\n<li><strong>Va\u0161 oglas odmah na naslovnoj stranici<\/strong> \ud83c\udfc6<\/li>\n<\/ul>\n\n\n\n<h2 class=\"wp-block-heading\">Zaklju\u010dak<\/h2>\n\n\n\n<p>&#8220;Oglasi i Ponude NI\u0160&#8221; je idealno mesto za brzo i besplatno postavljanje oglasa u Ni\u0161u. Sa \u0161irokim spektrom kategorija i jednostavnim procesom ogla\u0161avanja, mo\u017eete lako promovisati svoje proizvode i usluge. Posetite nas odmah na <a href=\"https:\/\/oglasi.infooglasi.rs\/oglasi\/oglasinis\/\">Oglasi i Ponude NI\u0160<\/a> i iskoristite sve prednosti koje vam nudimo!<\/p>\n","protected":false},"excerpt":{"rendered":"<p>Oglasi i Ponude NI\u0160: Va\u0161e Mesto za Brzo i Besplatno Postavljanje Oglasa Dobrodo\u0161li na &#8220;Oglasi i Ponude NI\u0160&#8221;! Ako tra\u017eite&hellip;<\/p>\n","protected":false},"author":1,"featured_media":0,"parent":0,"menu_order":0,"comment_status":"closed","ping_status":"closed","template":"","meta":{"footnotes":""},"class_list":["post-4288","page","type-page","status-publish","hentry"],"_links":{"self":[{"href":"https:\/\/oglasi.infooglasi.rs\/oglasi\/oglasinis\/wp-json\/wp\/v2\/pages\/4288","targetHints":{"allow":["GET"]}}],"collection":[{"href":"https:\/\/oglasi.infooglasi.rs\/oglasi\/oglasinis\/wp-json\/wp\/v2\/pages"}],"about":[{"href":"https:\/\/oglasi.infooglasi.rs\/oglasi\/oglasinis\/wp-json\/wp\/v2\/types\/page"}],"author":[{"embeddable":true,"href":"https:\/\/oglasi.infooglasi.rs\/oglasi\/oglasinis\/wp-json\/wp\/v2\/users\/1"}],"replies":[{"embeddable":true,"href":"https:\/\/oglasi.infooglasi.rs\/oglasi\/oglasinis\/wp-json\/wp\/v2\/comments?post=4288"}],"version-history":[{"count":2,"href":"https:\/\/oglasi.infooglasi.rs\/oglasi\/oglasinis\/wp-json\/wp\/v2\/pages\/4288\/revisions"}],"predecessor-version":[{"id":4466,"href":"https:\/\/oglasi.infooglasi.rs\/oglasi\/oglasinis\/wp-json\/wp\/v2\/pages\/4288\/revisions\/4466"}],"wp:attachment":[{"href":"https:\/\/oglasi.infooglasi.rs\/oglasi\/oglasinis\/wp-json\/wp\/v2\/media?parent=4288"}],"curies":[{"name":"wp","href":"https:\/\/api.w.org\/{rel}","templated":true}]}}