{"id":51,"date":"2023-10-07T19:45:38","date_gmt":"2023-10-07T19:45:38","guid":{"rendered":"https:\/\/oglasi.infooglasi.rs\/oglasi\/oglasialeksandrovac\/?page_id=51"},"modified":"2024-12-16T20:34:15","modified_gmt":"2024-12-16T19:34:15","slug":"postavite-oglas-osecina","status":"publish","type":"page","link":"https:\/\/oglasi.infooglasi.rs\/oglasi\/oglasiosecina\/postavite-oglas-osecina\/","title":{"rendered":"POSTAVITE OGLAS &#8211; OSE\u010cINA"},"content":{"rendered":"\n\n<!-- User Submitted Posts @ https:\/\/m0n.co\/usp -->\n\n<div id=\"user-submitted-posts\">\n\t\t\n\t<form id=\"usp_form\" method=\"post\" enctype=\"multipart\/form-data\" action=\"\">\n\t\t<div id=\"usp-error-message\" class=\"usp-callout-failure usp-hidden\">Please complete the required fields.<\/div>\n\t\t\t\t\n\t\t<fieldset class=\"usp-name\">\n\t\t\t<label for=\"user-submitted-name\">IME<\/label>\n\t\t\t<input id=\"user-submitted-name\" name=\"user-submitted-name\" type=\"text\" value=\"\" placeholder=\"Upi\u0161ite svoje ime\" data-required=\"true\" required class=\"usp-input\">\n\t\t<\/fieldset>\n\t\t\t\t\n\t\t<fieldset class=\"usp-email\">\n\t\t\t<label for=\"user-submitted-email\">MEJL<\/label>\n\t\t\t<input id=\"user-submitted-email\" name=\"user-submitted-email\" type=\"email\" data-parsley-type=\"email\" value=\"\" placeholder=\"Upi\u0161ite va\u0161 mejl\" data-required=\"true\" required class=\"usp-input\">\n\t\t<\/fieldset>\n\t\t\t\t\n\t\t<fieldset class=\"usp-title\">\n\t\t\t<label for=\"user-submitted-title\">NASLOV OGLASA<\/label>\n\t\t\t<input id=\"user-submitted-title\" name=\"user-submitted-title\" type=\"text\" value=\"\" placeholder=\"Upi\u0161ite naslov va\u0161eg oglasa\" data-required=\"true\" required class=\"usp-input\">\n\t\t<\/fieldset>\n\t\t\t\t\t\t\n\t\t<fieldset class=\"usp-tags\">\n\t\t\t<label for=\"user-submitted-tags\">KLJU\u010cNE RE\u010cI<\/label>\n\t\t\t<input id=\"user-submitted-tags\" name=\"user-submitted-tags\" type=\"text\" value=\"\" placeholder=\"Napi\u0161ite nekoliko klju\u010dnih re\u010di odvojenih zarezima\" data-required=\"true\" required class=\"usp-input\">\n\t\t<\/fieldset>\n\t\t\t\t\t\t\n\t\t<fieldset class=\"usp-captcha\">\n\t\t\t<label for=\"user-submitted-captcha\">(antispam pitanje) 9+12=<\/label>\n\t\t\t<input id=\"user-submitted-captcha\" name=\"user-submitted-captcha\" type=\"text\" value=\"\" placeholder=\"Brojevima upi\u0161ite ta\u010dan odgovor\" data-required=\"true\" required class=\"usp-input user-submitted-captcha\" data-parsley-excluded=\"true\">\n\t\t<\/fieldset>\n\t\t\t\t\n\t\t<fieldset class=\"usp-category\">\n\t\t\t<label for=\"user-submitted-category\">KATEGORIJA OGLASA<\/label>\n\t\t\t<select id=\"user-submitted-category\" data-required=\"true\" required class=\"usp-select\" name=\"user-submitted-category[]\">\n\t\t\t\t<option value=\"\" selected=\"true\" disabled>Izaberite kategoriju za va\u0161 oglas..<\/option>\n\t\t\t\t<option value=\"33\">ALATI I OPREMA<\/option><option value=\"34\">BELA TEHNIKA<\/option><option value=\"10\">DE\u010cIJA ODE\u0106A<\/option><option value=\"28\">DVORI\u0160TE I BA\u0160TA<\/option><option value=\"31\">ELEKTRONIKA<\/option><option value=\"30\">GRA\u0110EVINA<\/option><option value=\"29\">IGRA\u010cKE<\/option><option value=\"2\">IZDAVANJE NEKRETNINA<\/option><option value=\"35\">KNJIGE<\/option><option value=\"24\">KU\u0106NI APARATI<\/option><option value=\"25\">KU\u0106NI LJUBIMCI<\/option><option value=\"26\">MAJKA I DETE<\/option><option value=\"27\">MA\u0160INE<\/option><option value=\"23\">MODNI DETALJI<\/option><option value=\"8\">MU\u0160KA ODE\u0106A<\/option><option value=\"22\">MUZI\u010cKI INSTRUMENTI<\/option><option value=\"21\">NAKIT I SATOVI<\/option><option value=\"20\">NAME\u0160TAJ<\/option><option value=\"32\">OBU\u0106A<\/option><option value=\"19\">ODMOR I TURIZAM<\/option><option value=\"37\">OSTALO<\/option><option value=\"18\">POLJOPRIVREDA<\/option><option value=\"5\">POSAO<\/option><option value=\"7\">POZNANSTVA<\/option><option value=\"3\">PRODAJA NEKRETNINA<\/option><option value=\"17\">PROSLAVE I SLAVLJA<\/option><option value=\"16\">RA\u010cUNARI I KANCELARIJA<\/option><option value=\"36\">RU\u010cNI RADOVI<\/option><option value=\"15\">SPORT I REKREACIJA<\/option><option value=\"14\">SVETLA I OSVETLJENJE<\/option><option value=\"11\">TELEFONI I OPREMA<\/option><option value=\"6\">USLUGE<\/option><option value=\"4\">VOZILA<\/option><option value=\"12\">ZA AUTOMOBILE I MOTOCIKLE<\/option><option value=\"13\">ZDRAVLJE I LEPOTA<\/option><option value=\"9\">\u017dENSKA ODE\u0106A<\/option>\t\t\t<\/select>\n\t\t<\/fieldset>\n\t\t\t\t\n\t\t<fieldset class=\"usp-content\">\n\t\t\t\t\t\t\t\n\t\t\t<label for=\"user-submitted-content\">TEKST OGLASA I KONTAKT<\/label>\n\t\t\t<textarea id=\"user-submitted-content\" name=\"user-submitted-content\" rows=\"5\" placeholder=\"Upi\u0161ite tekst va\u0161eg oglasa i ne zaboravite da upi\u0161ete kontakt kako bi zaiteresovani mogli da vam se obrate.\" data-required=\"true\" required class=\"usp-textarea\"><\/textarea>\n\t\t\t\t\t\t\n\t\t<\/fieldset>\n\t\t\t\t\t\t\n\t\t<fieldset class=\"usp-images\">\n\t\t\t<label for=\"user-submitted-image\">U\u010cITAJTE SLIKE - MIN. 1. a MAX. 5 SLIKA<\/label>\n\t\t\t<div id=\"usp-upload-message\"><\/div>\n\t\t\t<div id=\"user-submitted-image\">\n\t\t\t\t\t\t\t\t\t\t\t\t\t\n\t\t\t\t<input name=\"user-submitted-image[]\" type=\"file\" size=\"25\" data-required=\"true\" required class=\"usp-input usp-clone\" accept=\"image\/*\">\n\t\t\t\t\t\t\t\t<a href=\"#\" id=\"usp_add-another\" class=\"usp-no-js\">Dodajte jo\u0161 jednu sliku<\/a>\t\t\t\t\t\t\t\n\t\t\t<\/div>\n\t\t\t<input type=\"hidden\" class=\"usp-hidden\" id=\"usp-min-images\" name=\"usp-min-images\" value=\"1\">\n\t\t\t<input type=\"hidden\" class=\"usp-hidden\" id=\"usp-max-images\" name=\"usp-max-images\" value=\"5\">\n\t\t<\/fieldset>\n\t\t\t\t\t\t\n\t\t<fieldset id=\"usp_verify\" style=\"display:none;\">\n\t\t\t<label for=\"user-submitted-verify\">Human verification: leave this field empty.<\/label>\n\t\t\t<input id=\"user-submitted-verify\" name=\"user-submitted-verify\" type=\"text\" value=\"\" data-parsley-excluded=\"true\">\n\t\t<\/fieldset>\n\t\t\n\t\t\t\t\n\t\t<div id=\"usp-submit\">\n\t\t\t\t\t\t\t\t\t\t\t\t\t\t\t\t\t\t\n\t\t\t<input type=\"submit\" class=\"usp-submit\" id=\"user-submitted-post\" name=\"user-submitted-post\" value=\"OBJAVITE OGLAS\">\n\t\t\t<input type=\"hidden\" id=\"usp-nonce\" name=\"usp-nonce\" value=\"8c4c9c37ce\" \/>\t\t\t\n\t\t<\/div>\n\t\t\n\t<\/form>\n<\/div>\n<script>(function(){var e = document.getElementById('usp_verify'); if(e) e.parentNode.removeChild(e);})();<\/script>\n\n\n\n\n\n\n\n\n\n\n\n\n\n\n\n\n\n<p><strong>IZNAD OVOG TEKSTA NALAZI SE OBRAZAC PREKO KOGA SVI ZAINTERESOVANI POJEDINCI I FIRME MOGU DA POSTAVE SVOJ OGLAS.<\/strong> Oglasi su potpuno besplatni i mo\u017eete ih postaviti za samo nekoliko minuta. Uz tekstualni deo oglasa, ogla\u0161iva\u010di mogu da postave fotografije kako bi potencijalnim zainteresovanim bilo odmah jasno \u0161ta to prodaju ili koje usluge nude.<\/p>\n\n<p><strong>OGLA\u0160AVANJE JE BESPLATNO U CELOSTI<\/strong> i na njemu mogu da se reklamiraju proizvodi, usluge ili bilo \u0161ta drugo. Ovaj oblik ogla\u0161avanja je savr\u0161en na\u010din da popularizujete svoj biznis, proizvod ili uslugu potpuno besplatno i u samo nekoliko minuta!<\/p>\n\n<p><strong>Za\u0161to se ogla\u0161avati na ovom sajtu?<\/strong><\/p>\n<ul>\n    <li>Postavljanje oglasa je potpuno besplatno i brzo.<\/li>\n    <li>Oglasi \u0107e biti odmah vidljivi na na\u0161em sajtu.<\/li>\n    <li>Va\u0161 oglas \u0107e se brzo pojaviti i na drugim sajtovima i blogovima specijalizovanim za oglase.<\/li>\n    <li>Oglasi \u0107e biti SEO optimizovani, \u0161to zna\u010di da \u0107e biti lak\u0161e prona\u0111eni putem interneta.<\/li>\n<\/ul>\n\n<p><strong>Postavite svoj oglas i obavezno spomenite mesto <strong>OSE\u010cINA<\/strong> jer je upravo <strong>OSE\u010cINA<\/strong> mesto na kojem \u0107e va\u0161 oglas biti prikazan i dostupan svima. Oglasi koji se postave na ovoj stranici vezani su upravo za <strong>OSE\u010cINU<\/strong>.<\/strong><\/p>\n\n<p><strong>Postavljeni oglas bi\u0107e odmah vidljiv na slede\u0107em sajtu:<\/strong><\/p>\n\n<p><a href=\"https:\/\/oglasi.infooglasi.rs\/oglasi\/oglasiosecina\/\" target=\"_blank\" rel=\"noopener\">OGLAS OSE\u010cINA \u2013 Postavite oglas odmah<\/a><\/p>\n\n<p>Oglas \u0107e biti vidljiv i na slede\u0107im sajtovima, blogovima i oglasnim tablama:<\/p>\n\n<ul>\n    <li><a href=\"https:\/\/oglasi.mozellosite.com\/oglasi\/osecina\" target=\"_blank\" rel=\"noopener\">OGLASI-OGLASI OSE\u010cINA<\/a><\/li>\n    <li><a href=\"http:\/\/oglasi.42web.io\/oglasi-osecina\/\" target=\"_blank\" rel=\"noopener\">OGLASI PO GRADOVIMA OSE\u010cINA<\/a><\/li>\n    <li><a href=\"https:\/\/zutioglasi.blogspot.com\/p\/oglasi-osecina.html\" target=\"_blank\" rel=\"noopener\">\u017dUTI OGLASI OSE\u010cINA<\/a><\/li>\n    <li><a href=\"https:\/\/sites.google.com\/view\/objave\/ose\u010dina-oglasi\" target=\"_blank\" rel=\"noopener\">OGLA\u0160AVANJE OSE\u010cINA<\/a><\/li>\n    <li><a href=\"https:\/\/objave.weebly.com\/oglasiosecina.html\" target=\"_blank\" rel=\"noopener\">OBJAVE I OGLASI OSE\u010cINA<\/a><\/li>\n<\/ul>\n\n<p><strong>Napomena:<\/strong> Iznad ovog teksta se nalazi obrazac, tj. oglasna forma preko koje mo\u017eete besplatno postaviti svoj oglas. Svi zainteresovani mogu postaviti svoj oglas za samo nekoliko minuta i popularisati proizvode ili usluge koje nude. Ne zaboravite da je <strong>OSE\u010cINA<\/strong> grad koji je specijalno ozna\u010den za sve oglase postavljene ovde, pa se uverite da va\u0161a ponuda bude relevantna za ovo podru\u010dje.<\/p>\n\n<p><strong>Postavite svoj oglas odmah i iskoristite sve prednosti besplatnog ogla\u0161avanja!<\/strong><\/p>\n\n","protected":false},"excerpt":{"rendered":"<p>IZNAD OVOG TEKSTA NALAZI SE OBRAZAC PREKO KOGA SVI ZAINTERESOVANI POJEDINCI I FIRME MOGU DA POSTAVE SVOJ OGLAS. Oglasi su&hellip;<\/p>\n","protected":false},"author":1,"featured_media":0,"parent":0,"menu_order":0,"comment_status":"closed","ping_status":"closed","template":"","meta":{"footnotes":""},"class_list":["post-51","page","type-page","status-publish","hentry"],"_links":{"self":[{"href":"https:\/\/oglasi.infooglasi.rs\/oglasi\/oglasiosecina\/wp-json\/wp\/v2\/pages\/51","targetHints":{"allow":["GET"]}}],"collection":[{"href":"https:\/\/oglasi.infooglasi.rs\/oglasi\/oglasiosecina\/wp-json\/wp\/v2\/pages"}],"about":[{"href":"https:\/\/oglasi.infooglasi.rs\/oglasi\/oglasiosecina\/wp-json\/wp\/v2\/types\/page"}],"author":[{"embeddable":true,"href":"https:\/\/oglasi.infooglasi.rs\/oglasi\/oglasiosecina\/wp-json\/wp\/v2\/users\/1"}],"replies":[{"embeddable":true,"href":"https:\/\/oglasi.infooglasi.rs\/oglasi\/oglasiosecina\/wp-json\/wp\/v2\/comments?post=51"}],"version-history":[{"count":120,"href":"https:\/\/oglasi.infooglasi.rs\/oglasi\/oglasiosecina\/wp-json\/wp\/v2\/pages\/51\/revisions"}],"predecessor-version":[{"id":5031,"href":"https:\/\/oglasi.infooglasi.rs\/oglasi\/oglasiosecina\/wp-json\/wp\/v2\/pages\/51\/revisions\/5031"}],"wp:attachment":[{"href":"https:\/\/oglasi.infooglasi.rs\/oglasi\/oglasiosecina\/wp-json\/wp\/v2\/media?parent=51"}],"curies":[{"name":"wp","href":"https:\/\/api.w.org\/{rel}","templated":true}]}}