{"id":51,"date":"2023-10-07T19:45:38","date_gmt":"2023-10-07T19:45:38","guid":{"rendered":"https:\/\/oglasi.infooglasi.rs\/oglasi\/oglasialeksandrovac\/?page_id=51"},"modified":"2024-12-16T21:44:08","modified_gmt":"2024-12-16T20:44:08","slug":"postavite-oglas-presevo","status":"publish","type":"page","link":"https:\/\/oglasi.infooglasi.rs\/oglasi\/oglasipresevo\/postavite-oglas-presevo\/","title":{"rendered":"POSTAVITE OGLAS &#8211; PRE\u0160EVO"},"content":{"rendered":"\n\n<!-- User Submitted Posts @ https:\/\/m0n.co\/usp -->\n\n<div id=\"user-submitted-posts\">\n\t\t\n\t<form id=\"usp_form\" method=\"post\" enctype=\"multipart\/form-data\" action=\"\">\n\t\t<div id=\"usp-error-message\" class=\"usp-callout-failure usp-hidden\">Please complete the required fields.<\/div>\n\t\t\t\t\n\t\t<fieldset class=\"usp-name\">\n\t\t\t<label for=\"user-submitted-name\">IME<\/label>\n\t\t\t<input id=\"user-submitted-name\" name=\"user-submitted-name\" type=\"text\" value=\"\" placeholder=\"Upi\u0161ite svoje ime\" data-required=\"true\" required class=\"usp-input\">\n\t\t<\/fieldset>\n\t\t\t\t\n\t\t<fieldset class=\"usp-email\">\n\t\t\t<label for=\"user-submitted-email\">MEJL<\/label>\n\t\t\t<input id=\"user-submitted-email\" name=\"user-submitted-email\" type=\"email\" data-parsley-type=\"email\" value=\"\" placeholder=\"Upi\u0161ite va\u0161 mejl\" data-required=\"true\" required class=\"usp-input\">\n\t\t<\/fieldset>\n\t\t\t\t\n\t\t<fieldset class=\"usp-title\">\n\t\t\t<label for=\"user-submitted-title\">NASLOV OGLASA<\/label>\n\t\t\t<input id=\"user-submitted-title\" name=\"user-submitted-title\" type=\"text\" value=\"\" placeholder=\"Upi\u0161ite naslov va\u0161eg oglasa\" data-required=\"true\" required class=\"usp-input\">\n\t\t<\/fieldset>\n\t\t\t\t\t\t\n\t\t<fieldset class=\"usp-tags\">\n\t\t\t<label for=\"user-submitted-tags\">KLJU\u010cNE RE\u010cI<\/label>\n\t\t\t<input id=\"user-submitted-tags\" name=\"user-submitted-tags\" type=\"text\" value=\"\" placeholder=\"Napi\u0161ite nekoliko klju\u010dnih re\u010di odvojenih zarezima\" data-required=\"true\" required class=\"usp-input\">\n\t\t<\/fieldset>\n\t\t\t\t\t\t\n\t\t<fieldset class=\"usp-captcha\">\n\t\t\t<label for=\"user-submitted-captcha\">(antispam pitanje) 9+12=<\/label>\n\t\t\t<input id=\"user-submitted-captcha\" name=\"user-submitted-captcha\" type=\"text\" value=\"\" placeholder=\"Brojevima upi\u0161ite ta\u010dan odgovor\" data-required=\"true\" required class=\"usp-input user-submitted-captcha\" data-parsley-excluded=\"true\">\n\t\t<\/fieldset>\n\t\t\t\t\n\t\t<fieldset class=\"usp-category\">\n\t\t\t<label for=\"user-submitted-category\">KATEGORIJA OGLASA<\/label>\n\t\t\t<select id=\"user-submitted-category\" data-required=\"true\" required class=\"usp-select\" name=\"user-submitted-category[]\">\n\t\t\t\t<option value=\"\" selected=\"true\" disabled>Izaberite kategoriju za va\u0161 oglas..<\/option>\n\t\t\t\t<option value=\"33\">ALATI I OPREMA<\/option><option value=\"34\">BELA TEHNIKA<\/option><option value=\"10\">DE\u010cIJA ODE\u0106A<\/option><option value=\"28\">DVORI\u0160TE I BA\u0160TA<\/option><option value=\"31\">ELEKTRONIKA<\/option><option value=\"30\">GRA\u0110EVINA<\/option><option value=\"29\">IGRA\u010cKE<\/option><option value=\"2\">IZDAVANJE NEKRETNINA<\/option><option value=\"35\">KNJIGE<\/option><option value=\"24\">KU\u0106NI APARATI<\/option><option value=\"25\">KU\u0106NI LJUBIMCI<\/option><option value=\"26\">MAJKA I DETE<\/option><option value=\"27\">MA\u0160INE<\/option><option value=\"23\">MODNI DETALJI<\/option><option value=\"8\">MU\u0160KA ODE\u0106A<\/option><option value=\"22\">MUZI\u010cKI INSTRUMENTI<\/option><option value=\"21\">NAKIT I SATOVI<\/option><option value=\"20\">NAME\u0160TAJ<\/option><option value=\"32\">OBU\u0106A<\/option><option value=\"19\">ODMOR I TURIZAM<\/option><option value=\"37\">OSTALO<\/option><option value=\"18\">POLJOPRIVREDA<\/option><option value=\"5\">POSAO<\/option><option value=\"7\">POZNANSTVA<\/option><option value=\"3\">PRODAJA NEKRETNINA<\/option><option value=\"17\">PROSLAVE I SLAVLJA<\/option><option value=\"16\">RA\u010cUNARI I KANCELARIJA<\/option><option value=\"36\">RU\u010cNI RADOVI<\/option><option value=\"15\">SPORT I REKREACIJA<\/option><option value=\"14\">SVETLA I OSVETLJENJE<\/option><option value=\"11\">TELEFONI I OPREMA<\/option><option value=\"6\">USLUGE<\/option><option value=\"4\">VOZILA<\/option><option value=\"12\">ZA AUTOMOBILE I MOTOCIKLE<\/option><option value=\"13\">ZDRAVLJE I LEPOTA<\/option><option value=\"9\">\u017dENSKA ODE\u0106A<\/option>\t\t\t<\/select>\n\t\t<\/fieldset>\n\t\t\t\t\n\t\t<fieldset class=\"usp-content\">\n\t\t\t\t\t\t\t\n\t\t\t<label for=\"user-submitted-content\">TEKST OGLASA I KONTAKT<\/label>\n\t\t\t<textarea id=\"user-submitted-content\" name=\"user-submitted-content\" rows=\"5\" placeholder=\"Upi\u0161ite tekst va\u0161eg oglasa i ne zaboravite da upi\u0161ete kontakt kako bi zaiteresovani mogli da vam se obrate.\" data-required=\"true\" required class=\"usp-textarea\"><\/textarea>\n\t\t\t\t\t\t\n\t\t<\/fieldset>\n\t\t\t\t\t\t\n\t\t<fieldset class=\"usp-images\">\n\t\t\t<label for=\"user-submitted-image\">U\u010cITAJTE SLIKE - MIN. 1. a MAX. 5 SLIKA<\/label>\n\t\t\t<div id=\"usp-upload-message\"><\/div>\n\t\t\t<div id=\"user-submitted-image\">\n\t\t\t\t\t\t\t\t\t\t\t\t\t\n\t\t\t\t<input name=\"user-submitted-image[]\" type=\"file\" size=\"25\" data-required=\"true\" required class=\"usp-input usp-clone\" accept=\"image\/*\">\n\t\t\t\t\t\t\t\t<a href=\"#\" id=\"usp_add-another\" class=\"usp-no-js\">Dodajte jo\u0161 jednu sliku<\/a>\t\t\t\t\t\t\t\n\t\t\t<\/div>\n\t\t\t<input type=\"hidden\" class=\"usp-hidden\" id=\"usp-min-images\" name=\"usp-min-images\" value=\"1\">\n\t\t\t<input type=\"hidden\" class=\"usp-hidden\" id=\"usp-max-images\" name=\"usp-max-images\" value=\"5\">\n\t\t<\/fieldset>\n\t\t\t\t\t\t\n\t\t<fieldset id=\"usp_verify\" style=\"display:none;\">\n\t\t\t<label for=\"user-submitted-verify\">Human verification: leave this field empty.<\/label>\n\t\t\t<input id=\"user-submitted-verify\" name=\"user-submitted-verify\" type=\"text\" value=\"\" data-parsley-excluded=\"true\">\n\t\t<\/fieldset>\n\t\t\n\t\t\t\t\n\t\t<div id=\"usp-submit\">\n\t\t\t\t\t\t\t\t\t\t\t\t\t\t\t\t\t\t\n\t\t\t<input type=\"submit\" class=\"usp-submit\" id=\"user-submitted-post\" name=\"user-submitted-post\" value=\"OBJAVITE OGLAS\">\n\t\t\t<input type=\"hidden\" id=\"usp-nonce\" name=\"usp-nonce\" value=\"f98be6fb8d\" \/>\t\t\t\n\t\t<\/div>\n\t\t\n\t<\/form>\n<\/div>\n<script>(function(){var e = document.getElementById('usp_verify'); if(e) e.parentNode.removeChild(e);})();<\/script>\n\n\n\n\n\n\n\n\n\n\n\n\n\n\n\n\n\n<div>\n    <p style=\"font-weight: bold;\">Iznad ovog teksta nalazi se obrazac za besplatno postavljanje oglasa! Svi zainteresovani pojedinci i firme mogu lako i brzo postaviti svoj oglas putem online forme koja se nalazi iznad. Uz tekstualni deo oglasa, ogla\u0161iva\u010di mogu prilo\u017eiti i fotografije kako bi jasno predstavili svoje proizvode ili usluge potencijalnim kupcima. <strong>Postavljanje oglasa je potpuno besplatno!<\/strong><\/p>\n\n    <p style=\"font-weight: bold;\">Za\u0161to ba\u0161 ovde? Postavljanjem oglasa na stranici &#8220;<strong>Postavite oglas &#8211; Pre\u0161evo<\/strong>&#8220;, Va\u0161 oglas \u0107e biti automatski prikazan na vi\u0161e popularnih sajtova i blogova. Oglasi su vidljivi u rekordnom roku, u vremenskom rasponu od samo 5 minuta do 2 sata. Ovo je idealna prilika za promociju proizvoda, usluga ili bilo \u010dega drugog u mestu <strong>Pre\u0161evo<\/strong>. Pomenuti sajt nudi besplatno i efikasno ogla\u0161avanje koje \u0107e pomo\u0107i da ostvarite ve\u0107i doseg kod potencijalnih klijenata.<\/p>\n\n    <p style=\"font-weight: bold;\">Prednosti ogla\u0161avanja na stranici &#8220;<strong>Postavite oglas &#8211; Pre\u0161evo<\/strong>&#8220;:<\/p>\n    <ul style=\"font-weight: bold;\">\n        <li>Besplatno postavljanje oglasa.<\/li>\n        <li>Jednostavan obrazac za unos oglasa koji se nalazi iznad ovog teksta.<\/li>\n        <li>Vidljivost na vi\u0161e sajtova, uklju\u010duju\u0107i lokalne i regionalne stranice za ogla\u0161avanje.<\/li>\n        <li>Mogu\u0107nost dodavanja fotografija uz tekstualni deo oglasa.<\/li>\n        <li>Brzo prikazivanje oglasa (u roku od nekoliko minuta).<\/li>\n        <li>Fokus na mesto <strong>Pre\u0161evo<\/strong>, idealno za lokalne i regionalne korisnike.<\/li>\n    <\/ul>\n\n    <p style=\"font-weight: bold;\">Gde \u0107e Va\u0161 oglas biti prikazan?<\/p>\n    <p style=\"font-weight: bold;\">Oglasi se odmah prikazuju na glavnoj stranici:<\/p>\n    <a href=\"https:\/\/oglasi.infooglasi.rs\/oglasi\/oglasipresevo\/\" target=\"_blank\" style=\"display: inline-block; background-color: black; color: white; padding: 10px 20px; margin: 10px 0; text-decoration: none; font-weight: bold; border-radius: 5px;\" rel=\"noopener\">GLAVNA STRANICA &#8211; OGLASI PRE\u0160EVO<\/a>\n\n    <p style=\"font-weight: bold;\">Nakon toga, Va\u0161 oglas \u0107e uskoro biti vidljiv i na slede\u0107im sajtovima:<\/p>\n    <a href=\"https:\/\/oglasi.mozellosite.com\/oglasi\/presevo\" target=\"_blank\" style=\"display: inline-block; background-color: lightgray; color: black; padding: 8px 15px; margin: 5px; text-decoration: none; font-weight: bold; border-radius: 5px; transition: transform 0.3s;\" onmouseover=\"this.style.transform=&#039;scale(1.1)&#039;\" onmouseout=\"this.style.transform=&#039;scale(1)&#039;\" rel=\"noopener\">OGLASI-OGLASI PRE\u0160EVO<\/a>\n    <a href=\"http:\/\/oglasi.42web.io\/oglasi-presevo\/\" target=\"_blank\" style=\"display: inline-block; background-color: lightgray; color: black; padding: 8px 15px; margin: 5px; text-decoration: none; font-weight: bold; border-radius: 5px; transition: transform 0.3s;\" onmouseover=\"this.style.transform=&#039;scale(1.1)&#039;\" onmouseout=\"this.style.transform=&#039;scale(1)&#039;\" rel=\"noopener\">OGLASI PO GRADOVIMA PRE\u0160EVO<\/a>\n    <a href=\"https:\/\/zutioglasi.blogspot.com\/p\/oglasi-presevo.html\" target=\"_blank\" style=\"display: inline-block; background-color: lightgray; color: black; padding: 8px 15px; margin: 5px; text-decoration: none; font-weight: bold; border-radius: 5px; transition: transform 0.3s;\" onmouseover=\"this.style.transform=&#039;scale(1.1)&#039;\" onmouseout=\"this.style.transform=&#039;scale(1)&#039;\" rel=\"noopener\">\u017dUTI OGLASI PRE\u0160EVO<\/a>\n    <a href=\"https:\/\/sites.google.com\/view\/objave\/pre\u0161evo-oglasi\" target=\"_blank\" style=\"display: inline-block; background-color: lightgray; color: black; padding: 8px 15px; margin: 5px; text-decoration: none; font-weight: bold; border-radius: 5px; transition: transform 0.3s;\" onmouseover=\"this.style.transform=&#039;scale(1.1)&#039;\" onmouseout=\"this.style.transform=&#039;scale(1)&#039;\" rel=\"noopener\">OGLA\u0160AVANJE PRE\u0160EVO<\/a>\n    <a href=\"https:\/\/objave.weebly.com\/oglasipresevo.html\" target=\"_blank\" style=\"display: inline-block; background-color: lightgray; color: black; padding: 8px 15px; margin: 5px; text-decoration: none; font-weight: bold; border-radius: 5px; transition: transform 0.3s;\" onmouseover=\"this.style.transform=&#039;scale(1.1)&#039;\" onmouseout=\"this.style.transform=&#039;scale(1)&#039;\" rel=\"noopener\">OBJAVE I OGLASI PRE\u0160EVO<\/a>\n\n    <p style=\"font-weight: bold;\">Ne propustite priliku da promovi\u0161ete svoje proizvode i usluge u <strong>Pre\u0161evu<\/strong>. Iskoristite prednosti stranice &#8220;<strong>Postavite oglas &#8211; Pre\u0161evo<\/strong>&#8221; i besplatno postavite svoj oglas ve\u0107 danas! Obrazac za unos oglasa nalazi se iznad ovog teksta.<\/p>\n<\/div>\n\n","protected":false},"excerpt":{"rendered":"<p>Iznad ovog teksta nalazi se obrazac za besplatno postavljanje oglasa! Svi zainteresovani pojedinci i firme mogu lako i brzo postaviti&hellip;<\/p>\n","protected":false},"author":1,"featured_media":0,"parent":0,"menu_order":0,"comment_status":"closed","ping_status":"closed","template":"","meta":{"footnotes":""},"class_list":["post-51","page","type-page","status-publish","hentry"],"_links":{"self":[{"href":"https:\/\/oglasi.infooglasi.rs\/oglasi\/oglasipresevo\/wp-json\/wp\/v2\/pages\/51","targetHints":{"allow":["GET"]}}],"collection":[{"href":"https:\/\/oglasi.infooglasi.rs\/oglasi\/oglasipresevo\/wp-json\/wp\/v2\/pages"}],"about":[{"href":"https:\/\/oglasi.infooglasi.rs\/oglasi\/oglasipresevo\/wp-json\/wp\/v2\/types\/page"}],"author":[{"embeddable":true,"href":"https:\/\/oglasi.infooglasi.rs\/oglasi\/oglasipresevo\/wp-json\/wp\/v2\/users\/1"}],"replies":[{"embeddable":true,"href":"https:\/\/oglasi.infooglasi.rs\/oglasi\/oglasipresevo\/wp-json\/wp\/v2\/comments?post=51"}],"version-history":[{"count":121,"href":"https:\/\/oglasi.infooglasi.rs\/oglasi\/oglasipresevo\/wp-json\/wp\/v2\/pages\/51\/revisions"}],"predecessor-version":[{"id":5439,"href":"https:\/\/oglasi.infooglasi.rs\/oglasi\/oglasipresevo\/wp-json\/wp\/v2\/pages\/51\/revisions\/5439"}],"wp:attachment":[{"href":"https:\/\/oglasi.infooglasi.rs\/oglasi\/oglasipresevo\/wp-json\/wp\/v2\/media?parent=51"}],"curies":[{"name":"wp","href":"https:\/\/api.w.org\/{rel}","templated":true}]}}