{"id":51,"date":"2023-10-07T19:45:38","date_gmt":"2023-10-07T19:45:38","guid":{"rendered":"https:\/\/oglasi.infooglasi.rs\/oglasi\/oglasialeksandrovac\/?page_id=51"},"modified":"2024-12-17T06:50:21","modified_gmt":"2024-12-17T05:50:21","slug":"postavite-oglas-secanj","status":"publish","type":"page","link":"https:\/\/oglasi.infooglasi.rs\/oglasi\/oglasisecanj\/postavite-oglas-secanj\/","title":{"rendered":"POSTAVITE OGLAS &#8211; SE\u010cANJ"},"content":{"rendered":"\n\n<!-- User Submitted Posts @ https:\/\/m0n.co\/usp -->\n\n<div id=\"user-submitted-posts\">\n\t\t\n\t<form id=\"usp_form\" method=\"post\" enctype=\"multipart\/form-data\" action=\"\">\n\t\t<div id=\"usp-error-message\" class=\"usp-callout-failure usp-hidden\">Please complete the required fields.<\/div>\n\t\t\t\t\n\t\t<fieldset class=\"usp-name\">\n\t\t\t<label for=\"user-submitted-name\">IME<\/label>\n\t\t\t<input id=\"user-submitted-name\" name=\"user-submitted-name\" type=\"text\" value=\"\" placeholder=\"Upi\u0161ite svoje ime\" data-required=\"true\" required class=\"usp-input\">\n\t\t<\/fieldset>\n\t\t\t\t\n\t\t<fieldset class=\"usp-email\">\n\t\t\t<label for=\"user-submitted-email\">MEJL<\/label>\n\t\t\t<input id=\"user-submitted-email\" name=\"user-submitted-email\" type=\"email\" data-parsley-type=\"email\" value=\"\" placeholder=\"Upi\u0161ite va\u0161 mejl\" data-required=\"true\" required class=\"usp-input\">\n\t\t<\/fieldset>\n\t\t\t\t\n\t\t<fieldset class=\"usp-title\">\n\t\t\t<label for=\"user-submitted-title\">NASLOV OGLASA<\/label>\n\t\t\t<input id=\"user-submitted-title\" name=\"user-submitted-title\" type=\"text\" value=\"\" placeholder=\"Upi\u0161ite naslov va\u0161eg oglasa\" data-required=\"true\" required class=\"usp-input\">\n\t\t<\/fieldset>\n\t\t\t\t\t\t\n\t\t<fieldset class=\"usp-tags\">\n\t\t\t<label for=\"user-submitted-tags\">KLJU\u010cNE RE\u010cI<\/label>\n\t\t\t<input id=\"user-submitted-tags\" name=\"user-submitted-tags\" type=\"text\" value=\"\" placeholder=\"Napi\u0161ite nekoliko klju\u010dnih re\u010di odvojenih zarezima\" data-required=\"true\" required class=\"usp-input\">\n\t\t<\/fieldset>\n\t\t\t\t\t\t\n\t\t<fieldset class=\"usp-captcha\">\n\t\t\t<label for=\"user-submitted-captcha\">(antispam pitanje) 9+12=<\/label>\n\t\t\t<input id=\"user-submitted-captcha\" name=\"user-submitted-captcha\" type=\"text\" value=\"\" placeholder=\"Brojevima upi\u0161ite ta\u010dan odgovor\" data-required=\"true\" required class=\"usp-input user-submitted-captcha\" data-parsley-excluded=\"true\">\n\t\t<\/fieldset>\n\t\t\t\t\n\t\t<fieldset class=\"usp-category\">\n\t\t\t<label for=\"user-submitted-category\">KATEGORIJA OGLASA<\/label>\n\t\t\t<select id=\"user-submitted-category\" data-required=\"true\" required class=\"usp-select\" name=\"user-submitted-category[]\">\n\t\t\t\t<option value=\"\" selected=\"true\" disabled>Izaberite kategoriju za va\u0161 oglas..<\/option>\n\t\t\t\t<option value=\"33\">ALATI I OPREMA<\/option><option value=\"34\">BELA TEHNIKA<\/option><option value=\"10\">DE\u010cIJA ODE\u0106A<\/option><option value=\"28\">DVORI\u0160TE I BA\u0160TA<\/option><option value=\"31\">ELEKTRONIKA<\/option><option value=\"30\">GRA\u0110EVINA<\/option><option value=\"29\">IGRA\u010cKE<\/option><option value=\"2\">IZDAVANJE NEKRETNINA<\/option><option value=\"35\">KNJIGE<\/option><option value=\"24\">KU\u0106NI APARATI<\/option><option value=\"25\">KU\u0106NI LJUBIMCI<\/option><option value=\"26\">MAJKA I DETE<\/option><option value=\"27\">MA\u0160INE<\/option><option value=\"23\">MODNI DETALJI<\/option><option value=\"8\">MU\u0160KA ODE\u0106A<\/option><option value=\"22\">MUZI\u010cKI INSTRUMENTI<\/option><option value=\"21\">NAKIT I SATOVI<\/option><option value=\"20\">NAME\u0160TAJ<\/option><option value=\"32\">OBU\u0106A<\/option><option value=\"19\">ODMOR I TURIZAM<\/option><option value=\"37\">OSTALO<\/option><option value=\"18\">POLJOPRIVREDA<\/option><option value=\"5\">POSAO<\/option><option value=\"7\">POZNANSTVA<\/option><option value=\"3\">PRODAJA NEKRETNINA<\/option><option value=\"17\">PROSLAVE I SLAVLJA<\/option><option value=\"16\">RA\u010cUNARI I KANCELARIJA<\/option><option value=\"36\">RU\u010cNI RADOVI<\/option><option value=\"15\">SPORT I REKREACIJA<\/option><option value=\"14\">SVETLA I OSVETLJENJE<\/option><option value=\"11\">TELEFONI I OPREMA<\/option><option value=\"6\">USLUGE<\/option><option value=\"4\">VOZILA<\/option><option value=\"12\">ZA AUTOMOBILE I MOTOCIKLE<\/option><option value=\"13\">ZDRAVLJE I LEPOTA<\/option><option value=\"9\">\u017dENSKA ODE\u0106A<\/option>\t\t\t<\/select>\n\t\t<\/fieldset>\n\t\t\t\t\n\t\t<fieldset class=\"usp-content\">\n\t\t\t\t\t\t\t\n\t\t\t<label for=\"user-submitted-content\">TEKST OGLASA I KONTAKT<\/label>\n\t\t\t<textarea id=\"user-submitted-content\" name=\"user-submitted-content\" rows=\"5\" placeholder=\"Upi\u0161ite tekst va\u0161eg oglasa i ne zaboravite da upi\u0161ete kontakt kako bi zaiteresovani mogli da vam se obrate.\" data-required=\"true\" required class=\"usp-textarea\"><\/textarea>\n\t\t\t\t\t\t\n\t\t<\/fieldset>\n\t\t\t\t\t\t\n\t\t<fieldset class=\"usp-images\">\n\t\t\t<label for=\"user-submitted-image\">U\u010cITAJTE SLIKE - MIN. 1. a MAX. 5 SLIKA<\/label>\n\t\t\t<div id=\"usp-upload-message\"><\/div>\n\t\t\t<div id=\"user-submitted-image\">\n\t\t\t\t\t\t\t\t\t\t\t\t\t\n\t\t\t\t<input name=\"user-submitted-image[]\" type=\"file\" size=\"25\" data-required=\"true\" required class=\"usp-input usp-clone\" accept=\"image\/*\">\n\t\t\t\t\t\t\t\t<a href=\"#\" id=\"usp_add-another\" class=\"usp-no-js\">Dodajte jo\u0161 jednu sliku<\/a>\t\t\t\t\t\t\t\n\t\t\t<\/div>\n\t\t\t<input type=\"hidden\" class=\"usp-hidden\" id=\"usp-min-images\" name=\"usp-min-images\" value=\"1\">\n\t\t\t<input type=\"hidden\" class=\"usp-hidden\" id=\"usp-max-images\" name=\"usp-max-images\" value=\"5\">\n\t\t<\/fieldset>\n\t\t\t\t\t\t\n\t\t<fieldset id=\"usp_verify\" style=\"display:none;\">\n\t\t\t<label for=\"user-submitted-verify\">Human verification: leave this field empty.<\/label>\n\t\t\t<input id=\"user-submitted-verify\" name=\"user-submitted-verify\" type=\"text\" value=\"\" data-parsley-excluded=\"true\">\n\t\t<\/fieldset>\n\t\t\n\t\t\t\t\n\t\t<div id=\"usp-submit\">\n\t\t\t\t\t\t\t\t\t\t\t\t\t\t\t\t\t\t\n\t\t\t<input type=\"submit\" class=\"usp-submit\" id=\"user-submitted-post\" name=\"user-submitted-post\" value=\"OBJAVITE OGLAS\">\n\t\t\t<input type=\"hidden\" id=\"usp-nonce\" name=\"usp-nonce\" value=\"1e1b3c801d\" \/>\t\t\t\n\t\t<\/div>\n\t\t\n\t<\/form>\n<\/div>\n<script>(function(){var e = document.getElementById('usp_verify'); if(e) e.parentNode.removeChild(e);})();<\/script>\n\n\n\n\n\n\n\n\n\n\n\n\n\n\n\n\n\n<div style=\"font-family: Arial, sans-serif; line-height: 1.6; margin: 0; text-align: left;\">\n\n  <p><strong>Napomena:<\/strong> Iznad ovog teksta nalazi se <strong>oglasna forma<\/strong>, gde svi zainteresovani pojedinci i firme mogu BESPLATNO i jednostavno postaviti svoj oglas za mesto <strong>Se\u010danj<\/strong>. Kroz ovu formu mo\u017eete uneti tekst oglasa i dodati fotografije kako biste odmah privukli pa\u017enju potencijalnih klijenata. Ogla\u0161avanje je potpuno BESPLATNO i omogu\u0107ava promociju proizvoda, usluga ili bilo \u010dega drugog \u0161to \u017eelite da predstavite u <strong>Se\u010dnju<\/strong>.<\/p>\n\n  <p>Postavljanje oglasa je brzo i lako, a prednosti su brojne! Evo za\u0161to treba da postavite svoj oglas za <strong>Se\u010danj<\/strong> upravo ovde:<\/p>\n\n  <ul>\n    <li>Va\u0161 oglas \u0107e odmah biti vidljiv na na\u0161oj stranici <strong>\u201cPOSTAVITE OGLAS \u2013 SE\u010cANJ\u201d<\/strong>, gde ga mogu videti posetioci koji tra\u017ee proizvode i usluge ba\u0161 u <strong>Se\u010dnju<\/strong>.<\/li>\n    <li>Oglasi su optimizovani tako da privuku \u0161to ve\u0107i broj posetilaca, a mo\u017eete dodati i fotografije kako bi va\u0161a ponuda bila jo\u0161 privla\u010dnija.<\/li>\n    <li>Postavljeni oglasi \u0107e biti prikazani na vi\u0161e popularnih platformi, uklju\u010duju\u0107i:<\/li>\n  <\/ul>\n\n  <div style=\"margin: 20px 0;\">\n    <a href=\"https:\/\/oglasi.infooglasi.rs\/oglasi\/oglasisecanj\/\" target=\"_blank\" style=\"display: inline-block; background-color: #000; color: #fff; padding: 10px 15px; text-decoration: none; border-radius: 5px; font-weight: bold; font-size: 16px; text-align: center; transition: transform 0.3s;\" rel=\"noopener\">POSTAVITE OGLAS \u2013 SE\u010cANJ<\/a>\n  <\/div>\n\n  <p>Osim na sajtu <strong>\u201cPOSTAVITE OGLAS \u2013 SE\u010cANJ\u201d<\/strong>, va\u0161 oglas \u0107e uskoro biti vidljiv i na slede\u0107im popularnim lokacijama:<\/p>\n\n  <div style=\"margin: 10px 0;\">\n    <a href=\"https:\/\/oglasi.mozellosite.com\/oglasi\/secanj\" target=\"_blank\" style=\"display: inline-block; background-color: #f0f0f0; color: #000; padding: 8px 12px; margin: 5px; text-decoration: none; border-radius: 5px; font-weight: bold; font-size: 14px; text-align: center; transition: all 0.3s;\" rel=\"noopener\">OGLASI-OGLASI SE\u010cANJ<\/a>\n    <a href=\"http:\/\/oglasi.42web.io\/oglasi-secanj\/\" target=\"_blank\" style=\"display: inline-block; background-color: #f0f0f0; color: #000; padding: 8px 12px; margin: 5px; text-decoration: none; border-radius: 5px; font-weight: bold; font-size: 14px; text-align: center; transition: all 0.3s;\" rel=\"noopener\">OGLASI PO GRADOVIMA SE\u010cANJ<\/a>\n    <a href=\"https:\/\/zutioglasi.blogspot.com\/p\/oglasi-secanj.html\" target=\"_blank\" style=\"display: inline-block; background-color: #f0f0f0; color: #000; padding: 8px 12px; margin: 5px; text-decoration: none; border-radius: 5px; font-weight: bold; font-size: 14px; text-align: center; transition: all 0.3s;\" rel=\"noopener\">\u017dUTI OGLASI SE\u010cANJ<\/a>\n    <a href=\"https:\/\/sites.google.com\/view\/objave\/se\u010danj-oglasi\" target=\"_blank\" style=\"display: inline-block; background-color: #f0f0f0; color: #000; padding: 8px 12px; margin: 5px; text-decoration: none; border-radius: 5px; font-weight: bold; font-size: 14px; text-align: center; transition: all 0.3s;\" rel=\"noopener\">OGLA\u0160AVANJE SE\u010cANJ<\/a>\n    <a href=\"https:\/\/objave.weebly.com\/oglasisecanj.html\" target=\"_blank\" style=\"display: inline-block; background-color: #f0f0f0; color: #000; padding: 8px 12px; margin: 5px; text-decoration: none; border-radius: 5px; font-weight: bold; font-size: 14px; text-align: center; transition: all 0.3s;\" rel=\"noopener\">OBJAVE I OGLASI SE\u010cANJ<\/a>\n  <\/div>\n\n  <p>Ogla\u0161avanje za <strong>Se\u010danj<\/strong> pru\u017ea brojne mogu\u0107nosti da va\u0161a ponuda postane vidljiva \u0161irokom krugu ljudi. Kroz samo nekoliko minuta, va\u0161 oglas mo\u017ee biti dostupan i na drugim platformama. Ne propustite priliku da besplatno reklamirate svoje proizvode, usluge ili bilo \u0161ta drugo \u0161to nudite u <strong>Se\u010dnju<\/strong>.<\/p>\n\n  <p>Obavezno iskoristite priliku i popunite obrazac koji se nalazi iznad ovog teksta. Postavljanje oglasa za <strong>Se\u010danj<\/strong> je jednostavno, brzo i potpuno besplatno. Dodajte slike, optimizujte tekst i omogu\u0107ite da va\u0161a ponuda bude dostupna ve\u0107em broju potencijalnih klijenata. <\/p>\n\n  <p><strong>Napomena:<\/strong> Forma za ogla\u0161avanje se nalazi iznad ovog teksta. Ne \u010dekajte \u2013 postavite svoj oglas ve\u0107 danas i u\u010dinite svoje proizvode i usluge prepoznatljivima u <strong>Se\u010dnju<\/strong>!<\/p>\n<\/div>\n\n<style>\n  a:hover {\n    transform: scale(1.1);\n    background-color: #ccc !important;\n    color: #000 !important;\n  }\n<\/style>\n\n","protected":false},"excerpt":{"rendered":"<p>Napomena: Iznad ovog teksta nalazi se oglasna forma, gde svi zainteresovani pojedinci i firme mogu BESPLATNO i jednostavno postaviti svoj&hellip;<\/p>\n","protected":false},"author":1,"featured_media":0,"parent":0,"menu_order":0,"comment_status":"closed","ping_status":"closed","template":"","meta":{"footnotes":""},"class_list":["post-51","page","type-page","status-publish","hentry"],"_links":{"self":[{"href":"https:\/\/oglasi.infooglasi.rs\/oglasi\/oglasisecanj\/wp-json\/wp\/v2\/pages\/51","targetHints":{"allow":["GET"]}}],"collection":[{"href":"https:\/\/oglasi.infooglasi.rs\/oglasi\/oglasisecanj\/wp-json\/wp\/v2\/pages"}],"about":[{"href":"https:\/\/oglasi.infooglasi.rs\/oglasi\/oglasisecanj\/wp-json\/wp\/v2\/types\/page"}],"author":[{"embeddable":true,"href":"https:\/\/oglasi.infooglasi.rs\/oglasi\/oglasisecanj\/wp-json\/wp\/v2\/users\/1"}],"replies":[{"embeddable":true,"href":"https:\/\/oglasi.infooglasi.rs\/oglasi\/oglasisecanj\/wp-json\/wp\/v2\/comments?post=51"}],"version-history":[{"count":131,"href":"https:\/\/oglasi.infooglasi.rs\/oglasi\/oglasisecanj\/wp-json\/wp\/v2\/pages\/51\/revisions"}],"predecessor-version":[{"id":5946,"href":"https:\/\/oglasi.infooglasi.rs\/oglasi\/oglasisecanj\/wp-json\/wp\/v2\/pages\/51\/revisions\/5946"}],"wp:attachment":[{"href":"https:\/\/oglasi.infooglasi.rs\/oglasi\/oglasisecanj\/wp-json\/wp\/v2\/media?parent=51"}],"curies":[{"name":"wp","href":"https:\/\/api.w.org\/{rel}","templated":true}]}}