{"id":3804,"date":"2024-12-18T10:34:25","date_gmt":"2024-12-18T10:34:25","guid":{"rendered":"https:\/\/oglasi.infooglasi.rs\/oglasi\/?page_id=3804"},"modified":"2024-12-18T16:22:24","modified_gmt":"2024-12-18T16:22:24","slug":"zvezdara-oglasi","status":"publish","type":"page","link":"https:\/\/oglasi.infooglasi.rs\/oglasi\/zvezdara-oglasi\/","title":{"rendered":"ZVEZDARA OGLASI"},"content":{"rendered":"\n<!DOCTYPE html>\n<html lang=\"sr\">\n<head>\n  <meta charset=\"UTF-8\">\n  <meta name=\"viewport\" content=\"width=device-width, initial-scale=1.0\">\n  <title>Zvezdara Oglasi<\/title>\n  <style>\n    .menu {\n      display: flex;\n      justify-content: center;\n      gap: 15px;\n      flex-wrap: wrap;\n    }\n\n    .menu a {\n      padding: 10px 20px;\n      text-decoration: none;\n      font-weight: bold;\n      border-radius: 5px;\n      text-align: center;\n      background-color: #f0f0f0;\n      border: 1px solid #ddd;\n      color: #333;\n    }\n\n    .menu a:hover {\n      background-color: #ddd;\n    }\n\n    .central-button {\n      display: block;\n      margin: 20px auto;\n      padding: 15px 30px;\n      font-size: 18px;\n      font-weight: bold;\n      text-align: center;\n      background-color: yellow;\n      color: black;\n      border: none;\n      cursor: pointer;\n    }\n\n    .central-button:hover {\n      background-color: orange;\n    }\n\n    figure {\n      margin: 20px 0;\n      text-align: center;\n    }\n\n    figure img {\n      max-width: 100%;\n      height: auto;\n    }\n\n    figure figcaption {\n      font-style: italic;\n    }\n\n    .section {\n      margin: 20px 0;\n    }\n\n    .section h2 {\n      color: #444;\n    }\n  <\/style>\n<\/head>\n<body>\n  <header>\n    <h1 style=\"text-align: center;\">Zvezdara Oglasi<\/h1>\n  <\/header>\n\n  <nav class=\"menu\">\n    <a href=\"#besplatno-oglasavanje\">Besplatno ogla\u0161avanje<\/a>\n    <a href=\"#postavite-oglas\">Postavite oglas<\/a>\n    <a href=\"#prvi-oglas\">Prvi oglas<\/a>\n    <a href=\"#besplatan-oglas\">Besplatan oglas<\/a>\n  <\/nav>\n\n  <main>\n    <section id=\"besplatno-oglasavanje\" class=\"section\">\n      <h2>Zvezdara besplatno ogla\u0161avanje za sve<\/h2>\n      <p>Sajt &#8220;Zvezdara Oglasi&#8221; omogu\u0107ava svim stanovnicima Zvezdare da se ogla\u0161avaju potpuno besplatno. Bilo da \u017eelite da prodate ne\u0161to, ponudite uslugu ili prona\u0111ete ne\u0161to \u0161to vam je potrebno, ovo je pravo mesto za vas. Sve kategorije oglasa su dostupne kako bi olak\u0161ale pretragu i objavljivanje. Postavljanje oglasa je jednostavno i brzo, uz mogu\u0107nost dodavanja fotografija. Pridru\u017eite se zajednici i ogla\u0161avajte se bez ikakvih tro\u0161kova!<\/p>\n    <\/section>\n\n    <figure>\n      <img decoding=\"async\" src=\"https:\/\/imgur.com\/u2BiTqD.jpg\" alt=\"Besplatno ogla\u0161avanje Zvezdara\">\n      <figcaption>Besplatno ogla\u0161avanje za sve stanovnike Zvezdare<\/figcaption>\n    <\/figure>\n\n    <section id=\"postavite-oglas\" class=\"section\">\n      <h2>Postavite oglas bez tro\u0161kova za sve iz Zvezdare<\/h2>\n      <p>Stanovnici Zvezdare imaju jedinstvenu priliku da postave svoje oglase potpuno besplatno. Nema potrebe za registracijom ili pla\u0107anjem. Kategorije su osmi\u0161ljene tako da svako prona\u0111e odgovaraju\u0107e mesto za svoj oglas. Ogla\u0161avanje je dostupno za proizvode, usluge, nekretnine i jo\u0161 mnogo toga. Budite deo online oglasne zajednice u Zvezdari i postavite svoj oglas ve\u0107 danas!<\/p>\n    <\/section>\n\n    <section id=\"prvi-oglas\" class=\"section\">\n      <h2>Postavite svoj prvi oglas u Zvezdari odmah<\/h2>\n      <p>Nikada nije bilo lak\u0161e ogla\u0161avati se na Zvezdari. Sada mo\u017eete brzo i jednostavno objaviti svoj prvi oglas i predstaviti ga \u0161iroj publici. Sa samo nekoliko klikova, va\u0161 oglas mo\u017ee biti vidljiv svima koji tra\u017ee ono \u0161to nudite. Ovo je idealna prilika za po\u010detnike i one koji \u017eele brzo da se pove\u017eu sa kupcima. Probajte i uverite se sami!<\/p>\n    <\/section>\n\n    <section id=\"besplatan-oglas\" class=\"section\">\n      <h2>Postavite besplatan oglas iz Zvezdare<\/h2>\n      <p>Sajt &#8220;Zvezdara Oglasi&#8221; omogu\u0107ava da besplatno postavite svoj oglas iz komfora va\u0161eg doma. Bez obzira na to da li prodajete, kupujete ili nudite usluge, va\u0161 oglas \u0107e biti vidljiv velikom broju posetilaca. Dodajte fotografije i precizan opis kako biste lak\u0161e prona\u0161li kupca. Svi oglasi su dostupni na na\u0161oj stranici i lako se pretra\u017euju.<\/p>\n    <\/section>\n\n    <figure>\n      <img decoding=\"async\" src=\"https:\/\/imgur.com\/rey3svT.jpg\" alt=\"Postavljanje oglasa Zvezdara\">\n      <figcaption>Brzo i lako postavljanje oglasa<\/figcaption>\n    <\/figure>\n\n    <button class=\"central-button\" onclick=\"window.location.href='https:\/\/oglasi.infooglasi.rs\/oglasi\/oglasibeogradzvezdara\/'\">OGLASI ZVEZDARA INFOOGLASI.RS<\/button>\n\n    <p style=\"text-align: center;\">Klikom na ovo dugme mo\u017eete pregledati oglase i postaviti svoj oglas za ogla\u0161avanje u Zvezdari.<\/p>\n\n    <section class=\"section\">\n      <h2>Kategorije oglasa<\/h2>\n      <ul>\n        <li><a href=\"https:\/\/oglasi.infooglasi.rs\/oglasi\/oglasibeogradzvezdara\/category\/kucni-ljubimci\/\">Ku\u0107ni ljubimci<\/a>: Oglasite prodaju, udomljavanje i usluge vezane za ljubimce.<\/li>\n        <li><a href=\"https:\/\/oglasi.infooglasi.rs\/oglasi\/oglasibeogradzvezdara\/category\/poznanstva\/\">Poznanstva<\/a>: Prona\u0111ite nove prijatelje ili partnere u Zvezdari.<\/li>\n        <li><a href=\"https:\/\/oglasi.infooglasi.rs\/oglasi\/oglasibeogradzvezdara\/category\/majka-i-dete\/\">Majka i dete<\/a>: Proizvodi i usluge za bebe, trudnice i mame.<\/li>\n        <li><a href=\"https:\/\/oglasi.infooglasi.rs\/oglasi\/oglasibeogradzvezdara\/category\/za-automobile-i-motocikle\/\">Za automobile i motocikle<\/a>: Delovi, oprema i usluge vezane za vozila.<\/li>\n        <li><a href=\"https:\/\/oglasi.infooglasi.rs\/oglasi\/oglasibeogradzvezdara\/category\/zdravlje-i-lepota\/\">Zdravlje i lepota<\/a>: Proizvodi i usluge za negu lica i tela.<\/li>\n        <li><a href=\"https:\/\/oglasi.infooglasi.rs\/oglasi\/oglasibeogradzvezdara\/category\/bela-tehnika\/\">Bela tehnika<\/a>: Kupovina i prodaja bele tehnike.<\/li>\n      <\/ul>\n    <\/section>\n  <\/main>\n<\/body>\n<\/html>\n\n","protected":false},"excerpt":{"rendered":"<p>Zvezdara Oglasi Zvezdara Oglasi Besplatno ogla\u0161avanje Postavite oglas Prvi oglas Besplatan oglas Zvezdara besplatno ogla\u0161avanje za sve Sajt &#8220;Zvezdara Oglasi&#8221;&hellip;<\/p>\n","protected":false},"author":1,"featured_media":0,"parent":0,"menu_order":0,"comment_status":"closed","ping_status":"closed","template":"","meta":{"footnotes":""},"class_list":["post-3804","page","type-page","status-publish","hentry"],"_links":{"self":[{"href":"https:\/\/oglasi.infooglasi.rs\/oglasi\/wp-json\/wp\/v2\/pages\/3804","targetHints":{"allow":["GET"]}}],"collection":[{"href":"https:\/\/oglasi.infooglasi.rs\/oglasi\/wp-json\/wp\/v2\/pages"}],"about":[{"href":"https:\/\/oglasi.infooglasi.rs\/oglasi\/wp-json\/wp\/v2\/types\/page"}],"author":[{"embeddable":true,"href":"https:\/\/oglasi.infooglasi.rs\/oglasi\/wp-json\/wp\/v2\/users\/1"}],"replies":[{"embeddable":true,"href":"https:\/\/oglasi.infooglasi.rs\/oglasi\/wp-json\/wp\/v2\/comments?post=3804"}],"version-history":[{"count":0,"href":"https:\/\/oglasi.infooglasi.rs\/oglasi\/wp-json\/wp\/v2\/pages\/3804\/revisions"}],"wp:attachment":[{"href":"https:\/\/oglasi.infooglasi.rs\/oglasi\/wp-json\/wp\/v2\/media?parent=3804"}],"curies":[{"name":"wp","href":"https:\/\/api.w.org\/{rel}","templated":true}]}}